{"id":44,"date":"2021-03-01T20:18:09","date_gmt":"2021-03-01T20:18:09","guid":{"rendered":"https:\/\/www.nldep.com\/?page_id=44"},"modified":"2026-04-10T04:01:35","modified_gmt":"2026-04-10T04:01:35","slug":"about-nldp","status":"publish","type":"page","link":"https:\/\/www.nldep.com\/ssd\/about-nldp\/","title":{"rendered":"kui\u0331 NLDEP"},"content":{"rendered":"<div class=\"brz-root__container brz-reset-all brz brz-root__container-page\">\n<section id=\"_ipnpucyhwhtolurcpojguviyutwiorzjgdyf\" class=\"brz-section brz-css-12ohkxo\">\n<div class=\"brz-section__content brz-section--fullWidth brz-css-mf6uky brz-css-1bwnrom\" data-brz-custom-id=\"brnnzbxopkjxzoejmvzxnijbkikmlgkigjlw\">\n<div class=\"brz-container brz-css-4k9d8b brz-css-1vsprkx\">\n<div class=\"brz-row__container brz-css-yumg6b brz-css-c3mmfg\" data-brz-custom-id=\"fbqnxhfeixepycbuoavsxhdcgkapxikfoqyn\">\n<div class=\"brz-bg\">\n<div class=\"brz-bg-image\"><\/div>\n<\/div>\n<div class=\"brz-row brz-css-17mcd2m\">\n<div class=\"brz-columns brz-css-dk2efg brz-css-x5xrif\" data-brz-custom-id=\"ugnszqqqwgqnbglaahtqgqmhjaktsnjoucrq\">\n<div class=\"brz-bg\"><\/div>\n<div class=\"brz-column__items brz-css-oaszkh\">\n<div id=\"\" class=\"brz-css-1b0bevg brz-css-1vxic41 brz-css-1o5cdk7 brz-wrapper\">\n<div class=\"brz-spacer brz-css-13qvku6 brz-css-15upyz1\"><\/div>\n<\/div>\n<\/div>\n<\/div>\n<div class=\"brz-columns brz-css-dk2efg brz-css-iutkcp\" data-brz-custom-id=\"fblqcsjhnookijlvzldguglwsttfvjuetdsw\">\n<div class=\"brz-bg\"><\/div>\n<div class=\"brz-column__items brz-css-oaszkh brz-css-qz58cy\">\n<div id=\"\" class=\"brz-css-1b0bevg brz-css-1vxic41 brz-css-1ciehp7 brz-wrapper\">\n<div class=\"brz-spacer brz-css-13qvku6 brz-css-37qp26\"><\/div>\n<\/div>\n<div id=\"\" class=\"brz-css-1b0bevg brz-wrapper\">\n<div class=\"brz-rich-text brz-rich-text__custom brz-css-1yfolxe\" data-brz-custom-id=\"gdmcbmctjfqzobbuunauuipuybgkkjxttmep\">\n<div data-brz-translate-text=\"1\">\n<p class=\"brz-tp-button brz-mb-lg-20 brz-css-nGqVW\"><span class=\"brz-cp-color5\">ABOUT NUER LANGUAGE DIGITIZATION, EXPANSION PROJECT<\/span><\/p>\n<\/div>\n<\/div>\n<\/div>\n<div id=\"\" class=\"brz-css-1b0bevg brz-wrapper\">\n<div class=\"brz-rich-text brz-rich-text__custom brz-css-1yfolxe\" data-brz-custom-id=\"tutxpqpctfmvgppxcgpzdlsuecxcxtnjfleg\">\n<div data-brz-translate-text=\"1\">\n<h1 class=\"brz-fw-sm-700 brz-fs-sm-40 brz-fs-lg-60 brz-fw-lg-800 brz-ff-montserrat brz-ls-lg-m_1_5 brz-lh-lg-1_3 brz-mb-lg-10 brz-fs-xs-30 brz-fw-xs-700 brz-css-oO3Xz\"><span>Taking Thok Nath Digital.<\/span><\/h1>\n<\/div>\n<\/div>\n<\/div>\n<div id=\"\" class=\"brz-css-1b0bevg brz-css-17moni5 brz-wrapper\">\n<div class=\"brz-rich-text brz-rich-text__custom brz-css-1yfolxe\" data-brz-custom-id=\"csvoosqzhbuaeapdonwowjysqaxissxawsxf\">\n<div data-brz-translate-text=\"1\">\n<p class=\"brz-tp-paragraph brz-text-lg-left brz-css-yHnhU\"><span class=\"brz-cp-color6\">K\u025bn bun di\u0331aal \u025b tini\u0331 k\u025bn tee k\u025b lua\u0331\u014b \u014b\u00e4ck\u00e4 \u014b\u0254aani\u0331 l\u00e4tni\u0331 ti\u0331 g\u00f6\u00f6l.Te bu\u0254\u0331n\u0254 k\u025b lua\u0331\u014b \u014bi\u0331i\u0331k\u00e4 mi\u0331 g\u0254aa mi\u0331 ci\u0331 k\u025bn\u025b jek r\u025by du\u00eb\u00ebli\u0331 g\u0254\u0331r\u00e4 ce\u0331tk\u025b la\u0331t Inji\u0331ni\u00ebri\u0331, k\u025bn\u025b b\u00f6\u00f6th la\u0331t tin guic l\u00e4t ru\u00eb\u00ebcni\u0331, k\u025bn\u025b mat c\u00e4ri\u0331ki\u0331\u025bn tin bi\u0331 nath na\u014b nhi\u0331am k\u025b kui\u0331c Mukt\u00e4pk\u00e4 la\u0331t \u025bm\u025b.<\/span><\/p>\n<\/div>\n<\/div>\n<\/div>\n<div id=\"\" class=\"brz-css-1b0bevg brz-css-1vxic41 brz-css-1em6ii6 brz-wrapper\">\n<div class=\"brz-spacer brz-css-13qvku6 brz-css-3f32m9\"><\/div>\n<\/div>\n<\/div>\n<\/div>\n<div class=\"brz-columns brz-css-dk2efg brz-css-1e6diu0\" data-brz-custom-id=\"mdlsjrwodwzpahpmvfgrxpiwxjfnskuwoxwb\">\n<div class=\"brz-bg\"><\/div>\n<div class=\"brz-column__items brz-css-oaszkh\">\n<div id=\"\" class=\"brz-css-1b0bevg brz-css-1vxic41 brz-css-frjhk0 brz-wrapper\">\n<div class=\"brz-spacer brz-css-13qvku6 brz-css-13i91g3\"><\/div>\n<\/div>\n<\/div>\n<\/div>\n<\/div>\n<\/div>\n<div id=\"\" class=\"brz-css-1b0bevg brz-css-1vxic41 brz-wrapper\">\n<div class=\"brz-spacer brz-css-13qvku6 brz-css-1i9c93h\"><\/div>\n<\/div>\n<div class=\"brz-row__container brz-css-yumg6b brz-css-9jt4b7\" data-brz-custom-id=\"pjtiqmnuvrlrtqhrpvsjiezotmtslxvpjucu\">\n<div class=\"brz-bg\"><\/div>\n<div class=\"brz-row brz-css-17mcd2m brz-css-157690r\">\n<div class=\"brz-columns brz-css-dk2efg brz-css-orgq56\" data-brz-custom-id=\"uhxrkamrxlbbrrvwwnkspscjutwkunocoklr\">\n<div class=\"brz-bg\"><\/div>\n<div class=\"brz-column__items brz-css-oaszkh brz-css-19qy8pg\">\n<div id=\"\" class=\"brz-css-1b0bevg brz-wrapper\">\n<div class=\"brz-rich-text brz-rich-text__custom brz-css-1yfolxe\" data-brz-custom-id=\"climrwsgpadfjbzjmqmcgkepfuqphplioyvk\">\n<div data-brz-translate-text=\"1\">\n<p class=\"brz-tp-paragraph brz-mt-lg-10 brz-css-unCz9\"><span class=\"brz-cp-color7\">Nuer Language is a language spoken by about 5 million members of the Nuer ethnic group located mostly in modern day South Sudan but also occupies parts of Ethiopia, Sudan, and Kenya in East Africa. Through modern migration, necessitated by war and other humanitarian crisis, members of the Nuer, numbering about 500,000, also live in the Diaspora with majority in the United States of America. As one of the oldest languages in the world and the region, this language has recently grown in popularity and usage as many other ethnicities and foreigners in the region have drawn immense interest in both speaking and writing it. As such this projects attempts to address this growth by expanding the language electronically so that it is readily available for access and use. With a major commitment from the community and faith-\u00ad\u2010based groups in the US, and with the potential for partnerships with some of the tech giants, this project will address:<\/span><\/p>\n<\/div>\n<\/div>\n<\/div>\n<div id=\"\" class=\"brz-css-1b0bevg brz-wrapper\">\n<div class=\"brz-rich-text brz-rich-text__custom brz-css-1yfolxe\" data-brz-custom-id=\"acbdsjsszqdmmigqudfsisnxidzoonofyhhs\">\n<div data-brz-translate-text=\"1\">\n<h3 class=\"brz-tp-heading3 brz-css-f4enb\"><span class=\"brz-cp-color2\">Our Objective<\/span><\/h3>\n<\/div>\n<\/div>\n<\/div>\n<div id=\"\" class=\"brz-css-1b0bevg brz-wrapper\">\n<div class=\"brz-rich-text brz-rich-text__custom brz-css-1yfolxe\" data-brz-custom-id=\"exwyaxzxjirmwshrxypulzialwkdvxuzewzb\">\n<div data-brz-translate-text=\"1\">\n<p class=\"brz-mt-lg-10 brz-tp-paragraph brz-css-kzs35\"><span class=\"brz-cp-color7\">The project stakeholders, led by Research and Implementation Team, will be developing the necessary frameworks to define principles, strategies, and action steps that will inform the community\u2019s continued desire and approach to digital access and equity. This technical team\u2019s effort will complement the work being done by language experts and community and church leaderships. The project will specifically address the following high-\u00ad\u2010level areas in as a timely a manner as possible: <\/span><\/p>\n<p class=\"brz-mt-lg-10 brz-tp-paragraph brz-css-gTOCZ\"><span class=\"brz-cp-color7\"> <\/span><\/p>\n<p class=\"brz-mt-lg-10 brz-tp-paragraph brz-css-oQWDU\"><span class=\"brz-cp-color7\">\u2022 Physical and Digital Keyboards 2<\/span><\/p>\n<p class=\"brz-mt-lg-10 brz-tp-paragraph brz-css-owmqL\"><span class=\"brz-cp-color7\"> \u2022 Google and other Search Engine Nuer Language APIs <\/span><\/p>\n<p class=\"brz-mt-lg-10 brz-tp-paragraph brz-css-rhliI\"><span class=\"brz-cp-color7\">\u2022 Electronic and FM Radio stations <\/span><\/p>\n<p class=\"brz-mt-lg-10 brz-tp-paragraph brz-css-aaKMD\"><span class=\"brz-cp-color7\"> <\/span><\/p>\n<p class=\"brz-mt-lg-10 brz-tp-paragraph brz-css-sp1f3\"><span class=\"brz-cp-color7\">in the Nuer Language This effort will clearly include three specifically defined tasks:<\/span><\/p>\n<\/div>\n<\/div>\n<\/div>\n<div id=\"\" class=\"brz-css-1b0bevg brz-css-1vxic41 brz-wrapper\">\n<div class=\"brz-spacer brz-css-13qvku6 brz-css-bvm4cz\"><\/div>\n<\/div>\n<div id=\"\" class=\"brz-css-1b0bevg brz-css-slk7fi brz-wrapper\">\n<div class=\"brz-rich-text brz-rich-text__custom brz-css-1yfolxe\" data-brz-custom-id=\"lhvbyymqqlecfwibffpngkvjaubrbbzeenuh\">\n<div data-brz-translate-text=\"1\">\n<p class=\"brz-tp-paragraph brz-css-sHu0f\"><span class=\"brz-cp-color7\"> <\/span><\/p>\n<\/div>\n<\/div>\n<\/div>\n<\/div>\n<\/div>\n<div class=\"brz-columns brz-css-dk2efg brz-css-1xxg3kx\" data-brz-custom-id=\"rzbpjrkmkfwedbjxucyxpizcpmccfrjnehmm\">\n<div class=\"brz-bg\"><\/div>\n<div class=\"brz-column__items brz-css-oaszkh brz-css-xplisg\">\n<div class=\"brz-row__container brz-css-yumg6b\" data-brz-custom-id=\"kylpssqqstklxytqqtpzoyearvsezdckgowh\">\n<div class=\"brz-bg\"><\/div>\n<div class=\"brz-row brz-row--inner brz-css-17mcd2m brz-css-1bogbjj\">\n<div class=\"brz-columns brz-css-dk2efg brz-css-hmkjeg\" data-brz-custom-id=\"iydxtgaxsjrobzolevvxbputqcxvzemwvspf\">\n<div class=\"brz-bg\">\n<div class=\"brz-bg-color\"><\/div>\n<\/div>\n<div class=\"brz-column__items brz-css-oaszkh brz-css-9mhnb\">\n<div id=\"\" class=\"brz-css-1b0bevg brz-css-1vxic41 brz-wrapper\">\n<div class=\"brz-spacer brz-css-13qvku6 brz-css-16s6x73\"><\/div>\n<\/div>\n<div id=\"\" class=\"brz-css-1b0bevg brz-wrapper\">\n<div class=\"brz-image brz-css-mt5g3k brz-css-1qf8ub0\" data-brz-custom-id=\"jmrqegfghbysrucgswpbrjlqqhdxiclnzmfj\"><img decoding=\"async\" class=\"brz-img\" src=\"https:\/\/www.nldep.com\/wp-content\/uploads\/brizy\/imgs\/FB_IMG_16172425130100964-171x171x0x0x171x171x1617264851.jpg\" alt=\"\" loading=\"lazy\"><\/div>\n<\/div>\n<div id=\"\" class=\"brz-css-1b0bevg brz-css-161c8hd brz-wrapper\">\n<div class=\"brz-rich-text brz-rich-text__custom brz-css-1yfolxe\" data-brz-custom-id=\"fimjlljuwgpcqsbtxmockjgjaymditftmzqi\">\n<div data-brz-translate-text=\"1\">\n<h6 class=\"brz-tp-heading6 brz-text-lg-center brz-css-f8rWV\"><span class=\"brz-cp-color2\">Professor: Isaac K. Gang<\/span><\/h6>\n<\/div>\n<\/div>\n<\/div>\n<div id=\"\" class=\"brz-css-1b0bevg brz-css-3bq6te brz-wrapper\">\n<div class=\"brz-rich-text brz-rich-text__custom brz-css-1yfolxe\" data-brz-custom-id=\"ohsmsmbgtfulncaknrbjwiagexuvriihvzrx\">\n<div data-brz-translate-text=\"1\">\n<p class=\"brz-text-lg-center brz-tp-subtitle brz-css-zsmiZ\"><span class=\"brz-cp-color7\">Project Leaders and Subject Matter Experts<\/span><\/p>\n<\/div>\n<\/div>\n<\/div>\n<div class=\"brz-wrapper-clone brz-css-18ngbi9\">\n<div class=\"brz-d-xs-flex brz-flex-xs-wrap brz-css-bi09cv brz-css-1mg6q6y\" data-brz-custom-id=\"\">\n<div class=\"brz-wrapper-clone__item\" id=\"wvydqlcpcsxkxjkfqlgtelcnymviinxrzaii\">\n<div class=\"brz-icon__container\" data-brz-custom-id=\"wvydqlcpcsxkxjkfqlgtelcnymviinxrzaii\"><span class=\"brz-icon brz-span brz-css-b4gcya brz-css-1c84v82\"><\/span><\/div>\n<\/div>\n<div class=\"brz-wrapper-clone__item\" id=\"fxmuwxpyvitzyoxggjwxjwhaxmgdsoiqabvu\">\n<div class=\"brz-icon__container\" data-brz-custom-id=\"fxmuwxpyvitzyoxggjwxjwhaxmgdsoiqabvu\"><span class=\"brz-icon brz-span brz-css-b4gcya brz-css-p5nhmf\"><\/span><\/div>\n<\/div>\n<div class=\"brz-wrapper-clone__item\" id=\"bcxtzcfosegvranequscyhdwasrdbzrscabd\">\n<div class=\"brz-icon__container\" data-brz-custom-id=\"bcxtzcfosegvranequscyhdwasrdbzrscabd\"><span class=\"brz-icon brz-span brz-css-b4gcya brz-css-wmuc0u\"><\/span><\/div>\n<\/div>\n<\/div>\n<\/div>\n<div id=\"\" class=\"brz-css-1b0bevg brz-css-11ac08v brz-wrapper\">\n<div class=\"brz-line brz-line-default brz-css-120cs5j brz-css-13mquig\" data-brz-custom-id=\"emmaqwsgbtoccyotdazmytdatjdthnauearx\">\n<hr class=\"brz-hr\"><\/div>\n<\/div>\n<\/div>\n<\/div>\n<\/div>\n<\/div>\n<\/div>\n<\/div>\n<\/div>\n<\/div>\n<div id=\"\" class=\"brz-css-1b0bevg brz-css-1vxic41 brz-wrapper\">\n<div class=\"brz-spacer brz-css-13qvku6 brz-css-rgfrat\"><\/div>\n<\/div>\n<\/div>\n<\/div>\n<\/section>\n<\/div>\n<p>    <!-- version:1737086459 --><\/p>","protected":false},"excerpt":{"rendered":"<p>ABOUT NUER LANGUAGE DIGITIZATION, EXPANSION PROJECT Taking Thok Nath Digital. This is a team-\u00ad\u2010based project bringing together various professionals, programmers, Engineers, and Project Managers from diverse academic and industry backgrounds. Nuer Language is a language spoken by about 5 million members of the Nuer ethnic group located mostly in modern day South Sudan but also [&hellip;]<\/p>","protected":false},"author":1,"featured_media":0,"parent":0,"menu_order":0,"comment_status":"closed","ping_status":"closed","template":"","meta":{"_bbp_topic_count":0,"_bbp_reply_count":0,"_bbp_total_topic_count":0,"_bbp_total_reply_count":0,"_bbp_voice_count":0,"_bbp_anonymous_reply_count":0,"_bbp_topic_count_hidden":0,"_bbp_reply_count_hidden":0,"_bbp_forum_subforum_count":0,"_coblocks_attr":"","_coblocks_dimensions":"","_coblocks_responsive_height":"","_coblocks_accordion_ie_support":"","footnotes":""},"class_list":["post-44","page","type-page","status-publish","hentry"],"blocksy_meta":{"styles_descriptor":{"styles":{"desktop":"","tablet":"","mobile":""},"google_fonts":[],"version":6}},"yoast_head":"<!-- This site is optimized with the Yoast SEO plugin v27.4 - https:\/\/yoast.com\/product\/yoast-seo-wordpress\/ -->\n<title>About NLDEP - Nuer Language Online Resources - NLDP<\/title>\n<meta name=\"description\" content=\"Join our mission to digitize and expand the Nuer language. Were a highly skilled team of professionals, developing digital tools and platforms.\" \/>\n<meta name=\"robots\" content=\"index, follow, max-snippet:-1, max-image-preview:large, max-video-preview:-1\" \/>\n<link rel=\"canonical\" href=\"https:\/\/www.nldep.com\/ssd\/about-nldp\/\" \/>\n<meta property=\"og:locale\" content=\"en_US\" \/>\n<meta property=\"og:type\" content=\"article\" \/>\n<meta property=\"og:title\" content=\"About NLDEP - Nuer Language Online Resources - NLDP\" \/>\n<meta property=\"og:description\" content=\"Join our mission to digitize and expand the Nuer language. Were a highly skilled team of professionals, developing digital tools and platforms.\" \/>\n<meta property=\"og:url\" content=\"https:\/\/www.nldep.com\/ssd\/about-nldp\/\" \/>\n<meta property=\"og:site_name\" content=\"NLDP\" \/>\n<meta property=\"article:modified_time\" content=\"2026-04-10T04:01:35+00:00\" \/>\n<meta property=\"og:image\" content=\"https:\/\/www.nldep.com\/wp-content\/uploads\/brizy\/imgs\/FB_IMG_16172425130100964-171x171x0x0x171x171x1617264851.jpg\" \/>\n<meta name=\"twitter:card\" content=\"summary_large_image\" \/>\n<meta name=\"twitter:label1\" content=\"Est. reading time\" \/>\n\t<meta name=\"twitter:data1\" content=\"2 minutes\" \/>\n<script type=\"application\/ld+json\" class=\"yoast-schema-graph\">{\"@context\":\"https:\\\/\\\/schema.org\",\"@graph\":[{\"@type\":\"WebPage\",\"@id\":\"https:\\\/\\\/www.nldep.com\\\/about-nldp\\\/\",\"url\":\"https:\\\/\\\/www.nldep.com\\\/about-nldp\\\/\",\"name\":\"About NLDEP - Nuer Language Online Resources - NLDP\",\"isPartOf\":{\"@id\":\"https:\\\/\\\/www.nldep.com\\\/#website\"},\"primaryImageOfPage\":{\"@id\":\"https:\\\/\\\/www.nldep.com\\\/about-nldp\\\/#primaryimage\"},\"image\":{\"@id\":\"https:\\\/\\\/www.nldep.com\\\/about-nldp\\\/#primaryimage\"},\"thumbnailUrl\":\"https:\\\/\\\/www.nldep.com\\\/wp-content\\\/uploads\\\/brizy\\\/imgs\\\/FB_IMG_16172425130100964-171x171x0x0x171x171x1617264851.jpg\",\"datePublished\":\"2021-03-01T20:18:09+00:00\",\"dateModified\":\"2026-04-10T04:01:35+00:00\",\"description\":\"Join our mission to digitize and expand the Nuer language. Were a highly skilled team of professionals, developing digital tools and platforms.\",\"breadcrumb\":{\"@id\":\"https:\\\/\\\/www.nldep.com\\\/about-nldp\\\/#breadcrumb\"},\"inLanguage\":\"SSD\",\"potentialAction\":[{\"@type\":\"ReadAction\",\"target\":[\"https:\\\/\\\/www.nldep.com\\\/about-nldp\\\/\"]}]},{\"@type\":\"ImageObject\",\"inLanguage\":\"SSD\",\"@id\":\"https:\\\/\\\/www.nldep.com\\\/about-nldp\\\/#primaryimage\",\"url\":\"https:\\\/\\\/www.nldep.com\\\/wp-content\\\/uploads\\\/brizy\\\/imgs\\\/FB_IMG_16172425130100964-171x171x0x0x171x171x1617264851.jpg\",\"contentUrl\":\"https:\\\/\\\/www.nldep.com\\\/wp-content\\\/uploads\\\/brizy\\\/imgs\\\/FB_IMG_16172425130100964-171x171x0x0x171x171x1617264851.jpg\"},{\"@type\":\"BreadcrumbList\",\"@id\":\"https:\\\/\\\/www.nldep.com\\\/about-nldp\\\/#breadcrumb\",\"itemListElement\":[{\"@type\":\"ListItem\",\"position\":1,\"name\":\"Home\",\"item\":\"https:\\\/\\\/www.nldep.com\\\/\"},{\"@type\":\"ListItem\",\"position\":2,\"name\":\"About NLDEP\"}]},{\"@type\":\"WebSite\",\"@id\":\"https:\\\/\\\/www.nldep.com\\\/#website\",\"url\":\"https:\\\/\\\/www.nldep.com\\\/\",\"name\":\"NLDP\",\"description\":\"Nuer Language Digitization Project\",\"publisher\":{\"@id\":\"https:\\\/\\\/www.nldep.com\\\/#organization\"},\"potentialAction\":[{\"@type\":\"SearchAction\",\"target\":{\"@type\":\"EntryPoint\",\"urlTemplate\":\"https:\\\/\\\/www.nldep.com\\\/?s={search_term_string}\"},\"query-input\":{\"@type\":\"PropertyValueSpecification\",\"valueRequired\":true,\"valueName\":\"search_term_string\"}}],\"inLanguage\":\"SSD\"},{\"@type\":\"Organization\",\"@id\":\"https:\\\/\\\/www.nldep.com\\\/#organization\",\"name\":\"Nuer Language Digitization Project\",\"url\":\"https:\\\/\\\/www.nldep.com\\\/\",\"logo\":{\"@type\":\"ImageObject\",\"inLanguage\":\"SSD\",\"@id\":\"https:\\\/\\\/www.nldep.com\\\/#\\\/schema\\\/logo\\\/image\\\/\",\"url\":\"https:\\\/\\\/www.nldep.com\\\/wp-content\\\/uploads\\\/2021\\\/03\\\/Asset-2-1.png\",\"contentUrl\":\"https:\\\/\\\/www.nldep.com\\\/wp-content\\\/uploads\\\/2021\\\/03\\\/Asset-2-1.png\",\"width\":568,\"height\":135,\"caption\":\"Nuer Language Digitization Project\"},\"image\":{\"@id\":\"https:\\\/\\\/www.nldep.com\\\/#\\\/schema\\\/logo\\\/image\\\/\"}}]}<\/script>\n<!-- \/ Yoast SEO plugin. -->","yoast_head_json":{"title":"About NLDEP - Nuer Language Online Resources - NLDP","description":"Join our mission to digitize and expand the Nuer language. Were a highly skilled team of professionals, developing digital tools and platforms.","robots":{"index":"index","follow":"follow","max-snippet":"max-snippet:-1","max-image-preview":"max-image-preview:large","max-video-preview":"max-video-preview:-1"},"canonical":"https:\/\/www.nldep.com\/ssd\/about-nldp\/","og_locale":"en_US","og_type":"article","og_title":"About NLDEP - Nuer Language Online Resources - NLDP","og_description":"Join our mission to digitize and expand the Nuer language. Were a highly skilled team of professionals, developing digital tools and platforms.","og_url":"https:\/\/www.nldep.com\/ssd\/about-nldp\/","og_site_name":"NLDP","article_modified_time":"2026-04-10T04:01:35+00:00","og_image":[{"url":"https:\/\/www.nldep.com\/wp-content\/uploads\/brizy\/imgs\/FB_IMG_16172425130100964-171x171x0x0x171x171x1617264851.jpg","type":"","width":"","height":""}],"twitter_card":"summary_large_image","twitter_misc":{"Est. reading time":"2 minutes"},"schema":{"@context":"https:\/\/schema.org","@graph":[{"@type":"WebPage","@id":"https:\/\/www.nldep.com\/about-nldp\/","url":"https:\/\/www.nldep.com\/about-nldp\/","name":"About NLDEP - Nuer Language Online Resources - NLDP","isPartOf":{"@id":"https:\/\/www.nldep.com\/#website"},"primaryImageOfPage":{"@id":"https:\/\/www.nldep.com\/about-nldp\/#primaryimage"},"image":{"@id":"https:\/\/www.nldep.com\/about-nldp\/#primaryimage"},"thumbnailUrl":"https:\/\/www.nldep.com\/wp-content\/uploads\/brizy\/imgs\/FB_IMG_16172425130100964-171x171x0x0x171x171x1617264851.jpg","datePublished":"2021-03-01T20:18:09+00:00","dateModified":"2026-04-10T04:01:35+00:00","description":"Join our mission to digitize and expand the Nuer language. Were a highly skilled team of professionals, developing digital tools and platforms.","breadcrumb":{"@id":"https:\/\/www.nldep.com\/about-nldp\/#breadcrumb"},"inLanguage":"SSD","potentialAction":[{"@type":"ReadAction","target":["https:\/\/www.nldep.com\/about-nldp\/"]}]},{"@type":"ImageObject","inLanguage":"SSD","@id":"https:\/\/www.nldep.com\/about-nldp\/#primaryimage","url":"https:\/\/www.nldep.com\/wp-content\/uploads\/brizy\/imgs\/FB_IMG_16172425130100964-171x171x0x0x171x171x1617264851.jpg","contentUrl":"https:\/\/www.nldep.com\/wp-content\/uploads\/brizy\/imgs\/FB_IMG_16172425130100964-171x171x0x0x171x171x1617264851.jpg"},{"@type":"BreadcrumbList","@id":"https:\/\/www.nldep.com\/about-nldp\/#breadcrumb","itemListElement":[{"@type":"ListItem","position":1,"name":"Home","item":"https:\/\/www.nldep.com\/"},{"@type":"ListItem","position":2,"name":"About NLDEP"}]},{"@type":"WebSite","@id":"https:\/\/www.nldep.com\/#website","url":"https:\/\/www.nldep.com\/","name":"NLDP","description":"Nuer Language Digitization Project","publisher":{"@id":"https:\/\/www.nldep.com\/#organization"},"potentialAction":[{"@type":"SearchAction","target":{"@type":"EntryPoint","urlTemplate":"https:\/\/www.nldep.com\/?s={search_term_string}"},"query-input":{"@type":"PropertyValueSpecification","valueRequired":true,"valueName":"search_term_string"}}],"inLanguage":"SSD"},{"@type":"Organization","@id":"https:\/\/www.nldep.com\/#organization","name":"Nuer Language Digitization Project","url":"https:\/\/www.nldep.com\/","logo":{"@type":"ImageObject","inLanguage":"SSD","@id":"https:\/\/www.nldep.com\/#\/schema\/logo\/image\/","url":"https:\/\/www.nldep.com\/wp-content\/uploads\/2021\/03\/Asset-2-1.png","contentUrl":"https:\/\/www.nldep.com\/wp-content\/uploads\/2021\/03\/Asset-2-1.png","width":568,"height":135,"caption":"Nuer Language Digitization Project"},"image":{"@id":"https:\/\/www.nldep.com\/#\/schema\/logo\/image\/"}}]}},"brizy_media":[{"id":214,"url":"https:\/\/www.nldep.com\/wp-content\/uploads\/brizy\/44\/assets\/images\/a1c3596ccb312a420b0a7cac1ac11bc9.jpg","name":"a1c3596ccb312a420b0a7cac1ac11bc9.jpg","meta":{"brizy_attachment_uid":"a1c3596ccb312a420b0a7cac1ac11bc9.jpg","brizy_post_uid":["4963b09a34cffcab1fce2255206646a1"]}},{"id":215,"url":"https:\/\/www.nldep.com\/wp-content\/uploads\/brizy\/44\/assets\/images\/1ce72f3e257a3c8cfd6be5f3fc202db9.jpg","name":"1ce72f3e257a3c8cfd6be5f3fc202db9.jpg","meta":{"brizy_attachment_uid":"1ce72f3e257a3c8cfd6be5f3fc202db9.jpg","brizy_post_uid":["4963b09a34cffcab1fce2255206646a1"]}},{"id":190,"url":"https:\/\/www.nldep.com\/wp-content\/uploads\/2021\/04\/FB_IMG_16172425130100964.jpg","name":"FB_IMG_16172425130100964.jpg","meta":{"brizy_attachment_uid":"wp-b0a920f55faa1f58183f4d62716ec3b2.jpg","brizy_post_uid":["4963b09a34cffcab1fce2255206646a1","d12a19502380dcf830c56f135bcaa476"]}},{"id":218,"url":"https:\/\/www.nldep.com\/wp-content\/uploads\/brizy\/44\/assets\/images\/55332f8546b37958743c54de981f1ded.jpg","name":"55332f8546b37958743c54de981f1ded.jpg","meta":{"brizy_attachment_uid":"55332f8546b37958743c54de981f1ded.jpg","brizy_post_uid":["4963b09a34cffcab1fce2255206646a1"]}},{"id":220,"url":"https:\/\/www.nldep.com\/wp-content\/uploads\/brizy\/44\/assets\/images\/a0db0f3f0405eff3f09e3e9142d16656.jpg","name":"a0db0f3f0405eff3f09e3e9142d16656.jpg","meta":{"brizy_attachment_uid":"a0db0f3f0405eff3f09e3e9142d16656.jpg","brizy_post_uid":["4963b09a34cffcab1fce2255206646a1"]}},{"id":221,"url":"https:\/\/www.nldep.com\/wp-content\/uploads\/brizy\/44\/assets\/images\/08e5cde7dc728698e21c14f04beeb9cd.jpg","name":"08e5cde7dc728698e21c14f04beeb9cd.jpg","meta":{"brizy_attachment_uid":"08e5cde7dc728698e21c14f04beeb9cd.jpg","brizy_post_uid":["4963b09a34cffcab1fce2255206646a1"]}},{"id":258,"url":"https:\/\/www.nldep.com\/wp-content\/uploads\/2021\/04\/qtq80-F8jqnF.jpeg","name":"qtq80-F8jqnF.jpeg","meta":{"brizy_attachment_uid":"wp-619995289792009b40fda7d8ece94462.jpeg","brizy_post_uid":["4963b09a34cffcab1fce2255206646a1"]}}],"_links":{"self":[{"href":"https:\/\/www.nldep.com\/ssd\/wp-json\/wp\/v2\/pages\/44","targetHints":{"allow":["GET"]}}],"collection":[{"href":"https:\/\/www.nldep.com\/ssd\/wp-json\/wp\/v2\/pages"}],"about":[{"href":"https:\/\/www.nldep.com\/ssd\/wp-json\/wp\/v2\/types\/page"}],"author":[{"embeddable":true,"href":"https:\/\/www.nldep.com\/ssd\/wp-json\/wp\/v2\/users\/1"}],"replies":[{"embeddable":true,"href":"https:\/\/www.nldep.com\/ssd\/wp-json\/wp\/v2\/comments?post=44"}],"version-history":[{"count":15,"href":"https:\/\/www.nldep.com\/ssd\/wp-json\/wp\/v2\/pages\/44\/revisions"}],"predecessor-version":[{"id":392,"href":"https:\/\/www.nldep.com\/ssd\/wp-json\/wp\/v2\/pages\/44\/revisions\/392"}],"wp:attachment":[{"href":"https:\/\/www.nldep.com\/ssd\/wp-json\/wp\/v2\/media?parent=44"}],"curies":[{"name":"wp","href":"https:\/\/api.w.org\/{rel}","templated":true}]}}