{"id":46,"date":"2021-03-01T20:18:09","date_gmt":"2021-03-01T20:18:09","guid":{"rendered":"https:\/\/www.nldep.com\/?page_id=46"},"modified":"2026-04-10T07:37:49","modified_gmt":"2026-04-10T07:37:49","slug":"contact-us","status":"publish","type":"page","link":"https:\/\/www.nldep.com\/ssd\/contact-us\/","title":{"rendered":"J\u00ebk k\u0254"},"content":{"rendered":"<div class=\"brz-root__container brz-reset-all brz brz-root__container-page\">\n<section id=\"_eycbelcihtcdtblkbijdjapwvwewkxetqqtf\" class=\"brz-section brz-css-1gvh01n\">\n<div class=\"brz-section__content brz-section--boxed brz-css-168g1zv brz-css-kum2uz\" data-brz-custom-id=\"jblimwncxmonrouurggxpkkegcyxdqibupij\">\n<div class=\"brz-bg\">\n<div class=\"brz-bg-image\"><\/div>\n<div class=\"brz-bg-color\"><\/div>\n<\/div>\n<div class=\"brz-container brz-css-15pgiq brz-css-1qjo8lu\">\n<div id=\"\" class=\"brz-css-1z0hame brz-css-pneuwr brz-wrapper\">\n<div class=\"brz-rich-text brz-rich-text__custom brz-css-1oxqrym\" data-brz-custom-id=\"yxkzofxaofdzkwexeckjvkoarsizyboivrpr\">\n<div data-brz-translate-text=\"1\">\n<p class=\"brz-tp-abovetitle brz-text-lg-center brz-css-oYfSU\"><span class=\"brz-cp-color3\">Bi\u0331a k\u025b mal<\/span><\/p>\n<\/div>\n<\/div>\n<\/div>\n<div id=\"\" class=\"brz-css-1z0hame brz-css-1e1ibgw brz-wrapper\">\n<div class=\"brz-rich-text brz-rich-text__custom brz-css-1oxqrym\" data-brz-custom-id=\"mqhsbjddilwfegsrzqnrescxchoogqqkmgmh\">\n<div data-brz-translate-text=\"1\">\n<h2 class=\"brz-text-lg-center brz-tp-heading2 brz-css-yj0vA\"><span class=\"brz-cp-color8\"><span>About Us<\/span><\/span><\/h2>\n<\/div>\n<\/div>\n<\/div>\n<div id=\"\" class=\"brz-css-1z0hame brz-wrapper\">\n<div class=\"brz-rich-text brz-rich-text__custom brz-css-1oxqrym\" data-brz-custom-id=\"pxfuyylxyvgkjivhadnensfctudfpgrpxizs\">\n<div data-brz-translate-text=\"1\">\n<p class=\"brz-text-lg-center brz-lh-lg-1_9 brz-lh-sm-im-1_6 brz-lh-xs-im-1_6 brz-ls-lg-0 brz-ls-sm-im-0 brz-ls-xs-im-0 brz-ff-overpass brz-ft-google brz-fw-lg-400 brz-fw-sm-im-400 brz-fw-xs-im-400 brz-fs-lg-18 brz-fs-sm-im-17 brz-fs-xs-im-17 brz-css-auEdy\"><span class=\"brz-cp-color7\">J\u025bn thoknath \u025bm\u025b c\u025b j\u00e4\u00e4ny k\u025b pek mi\u0331 b\u00e4\u00e4r \u025bl\u0254\u014b wi\u0331mu\u0254\u0331\u0254\u0331n k\u025bli\u0331w k\u025bn\u025b r\u025by wecdan. Thok pu\u0254\u0331nyd\u025b ci\u0331 n\u025by ti\u0331 \u014buani\u0331k\u025bn tee k\u025b nh\u00f6kd\u025b mi\u0331 di\u0331i\u0331t ce\u0331tk\u025b nath tin tee wi\u0331mu\u0254\u0331\u0254\u0331n \u025bn d\u0254di\u0331\u025bn am\u00e4ni\u0331 r\u025by wi\u0331ni\u0331 k\u0254n di\u0331al k\u025b du\u0254\u0331\u0254\u0331p \u025bm\u0254, ci\u0331 k\u025bn tee d\u00f6t k\u025b guuri\u0331 \u014b\u00e4ck\u00e4  thu\u0254k ce\u0331tk\u025b gua\u0331th da\u0331\u014b r\u025bw tin g\u00f6r \u0263\u00f6\u00f6 dee \u014b\u00e4cni\u2019 ci\u0331aa\u014b ruacd\u025b, k\u025bn\u025b g\u0254\u0331a\u0331r, Ci\u0331 n\u025by ti\u0331n la ji\u0331 la\u0331t di\u0331aal ca\u0331p k\u025bn\u025b dup ka\u0331m raar k\u025b nyuth nath l\u00e4t tin dee thi\u0331a\u0331k k\u025b \u0263\u00f6\u00f6 bi\u0331 thoknath piith k\u025b wedan r\u025bc k\u00e4  kuak l\u00e4t Il\u00ebkti\u0331r\u00f6nika\/Il\u025b\u0308kt\u025br\u00f6ni\u0331c. K\u025b kui\u0331c \u025bm\u0254 ca\u0331k\u0254 j\u025b ri\u0331ali\u0331k\u00e4 a thi\u0331\u025bl mi\u0331 dee ji\u0331 dhal k\u025b wee du l\u00e4t.. <\/span><\/p>\n<\/div>\n<\/div>\n<\/div>\n<div id=\"\" class=\"brz-css-1z0hame brz-css-1pzznqy brz-wrapper\">\n<div class=\"brz-spacer brz-css-1qvrbzx brz-css-s8lrjr\"><\/div>\n<\/div>\n<div class=\"brz-wrapper-clone brz-css-11q325j\">\n<div class=\"brz-d-xs-flex brz-flex-xs-wrap brz-css-1czd0ba\" data-brz-custom-id=\"\">\n<div class=\"brz-wrapper-clone__item\" id=\"orgbfehzpyuwmhbvgotbjsvbypxdtcquuzgu\"><a class=\"brz-a brz-btn brz-css-1tk23wn brz-css-wse7l2 brz-css-1jj35ay brz-css-1jg0h7r\" href=\"https:\/\/www.nldep.com\/ssd\/about-nldp\/\" target=\"_self\" rel=\"noopener\" data-brz-link-type=\"external\" data-brz-custom-id=\"orgbfehzpyuwmhbvgotbjsvbypxdtcquuzgu\"><span data-brz-translate-text=\"1\" class=\"brz-span brz-text__editor\">FIND OUT MORE<\/span><\/a><\/div>\n<\/div>\n<\/div>\n<\/div>\n<\/div>\n<\/section>\n<section id=\"_hnopayadovkrnymuldzgcegjfglqrgznzzsz\" class=\"brz-section brz-css-1gvh01n\">\n<div class=\"brz-section__content brz-section--boxed brz-css-168g1zv brz-css-1ijamzh\" data-brz-custom-id=\"tacdfktdkwyjeocdxhwgpdknedorjlixpreh\">\n<div class=\"brz-bg\">\n<div class=\"brz-bg-color\"><\/div>\n<\/div>\n<div class=\"brz-container brz-css-15pgiq brz-css-f7tapw\">\n<div id=\"\" class=\"brz-css-1z0hame brz-wrapper\">\n<div class=\"brz-rich-text brz-rich-text__custom brz-css-1oxqrym\" data-brz-custom-id=\"hftnfdbjjivwkjyrmjrgmaqohenkzzkyotbo\">\n<div data-brz-translate-text=\"1\">\n<h2 class=\"brz-text-lg-center brz-tp-heading2 brz-css-oQcWS\"><span class=\"brz-cp-color2\">J\u00ebk k\u0254<\/span><\/h2>\n<\/div>\n<\/div>\n<\/div>\n<div id=\"\" class=\"brz-css-1z0hame brz-css-w3kb8j brz-wrapper\">\n<div class=\"brz-rich-text brz-rich-text__custom brz-css-1oxqrym\" data-brz-custom-id=\"hiobzhyrziptxarilrcyqjoqurorgolfhdem\">\n<div data-brz-translate-text=\"1\">\n<p class=\"brz-text-lg-center brz-tp-subtitle brz-css-sids9\"><em class=\"brz-cp-color7\">Thi\u0331\u00e4\u014b th\u00e4duk\/Thunduk \u025b tee piny \u0254 k\u025b p\u025b\u0308th mi\u0331 di\u0331i\u0331t  k\u025b k\u0254r\u025b bi\u0331 n\u025by kul\u025b luny j\u0254k k\u00e4 ji\u0331 k\u025b gua\u0331th \u025bm\u0254<\/em><\/p>\n<\/div>\n<\/div>\n<\/div>\n<div id=\"\" class=\"brz-css-1z0hame brz-css-1pzznqy brz-wrapper\">\n<div class=\"brz-spacer brz-css-1qvrbzx brz-css-drskhm\"><\/div>\n<\/div>\n<div class=\"brz-row__container brz-css-c427gn\" data-brz-custom-id=\"hcycmepmdpdwotfzfdgjsmlzylvbdaviqutl\">\n<div class=\"brz-bg\"><\/div>\n<div class=\"brz-row brz-css-1fbfris brz-css-13eqyz6\">\n<div class=\"brz-columns brz-css-ruzt5l brz-css-afd2kr\" data-brz-custom-id=\"nytswiftgvhhialpigmrcbepmxmwhsanlswx\">\n<div class=\"brz-bg\">\n<div class=\"brz-bg-color\"><\/div>\n<\/div>\n<div class=\"brz-column__items brz-css-10lj5lu brz-css-1tkr8rs\">\n<div id=\"\" class=\"brz-css-1z0hame brz-wrapper\">\n<div data-brz-form-version=\"2\" class=\"brz-forms2 brz-css-3wphou brz-css-1xsk363\" data-brz-custom-id=\"addtoiqdznetkmrlcnaqewbzsrngcofgmcoa\">\n<div data-brz-translate-text=\"1\" class=\"brz-forms2__item brz-css-1n78hsp brz-css-wg9yce brz-css-1ral8d2 brz-css-kzan6o\"><\/div>\n<div data-brz-translate-text=\"1\" class=\"brz-forms2__item brz-css-1n78hsp brz-css-wg9yce brz-css-1ral8d2 brz-css-1170sc7\"><\/div>\n<div data-brz-translate-text=\"1\" class=\"brz-forms2__item brz-css-1n78hsp brz-css-wg9yce brz-css-1ral8d2\">\n<div class=\"brz-forms2__field brz-forms2__field-select brz-css-qajch1 brz-css-ds5j76\">ProjectProject InquiryDonationsOthers<\/div>\n<\/div>\n<div data-brz-translate-text=\"1\" class=\"brz-forms2__item brz-css-1n78hsp brz-css-wg9yce brz-css-1ral8d2 brz-css-1ssit4t\"><textarea id=\"i_Rexv0Ai5PA_\" name=\"srkvteudfqbogkuhfnnunotzqrtfibxqtbqf\" data-brz-type=\"Paragraph\" data-brz-label=\"Message\" data-brz-placeholder=\"Message\" class=\"brz-textarea brz-forms2__field brz-forms2__field-paragraph\"><\/textarea><\/div>\n<div class=\"brz-forms2 brz-forms2__item brz-forms2__item-button\" data-brz-custom-id=\"addtoiqdznetkmrlcnaqewbzsrngcofgmcoa\"><button class=\"brz-btn brz-btn-submit brz-css-1jj35ay brz-css-1t5fc4e\" data-brz-custom-id=\"dejswottsedioypsxbcgfvkendhjpgahfbal\"><span data-brz-translate-text=\"1\" class=\"brz-span brz-text__editor\">SUBMIT<\/span><\/button><\/div>\n<div class=\"brz-g-recaptcha\" data-sitekey=\"\" data-size=\"invisible\" data-callback=\"brzFormV2Captcha\"><\/div>\n<\/div>\n<\/div>\n<\/div>\n<\/div>\n<\/div>\n<\/div>\n<\/div>\n<\/div>\n<\/section>\n<\/div>\n<p>    <!-- version:1736982115 --><\/p>","protected":false},"excerpt":{"rendered":"<p>WELCOME About Us As one of the oldest languages in the world and the region, this language has recently grown in popularity and usage as many other ethnicities and foreigners in the region have drawn immense interest in both speaking and writing it. As such this project attempts to address this growth by expanding the [&hellip;]<\/p>","protected":false},"author":1,"featured_media":0,"parent":0,"menu_order":0,"comment_status":"closed","ping_status":"closed","template":"","meta":{"_bbp_topic_count":0,"_bbp_reply_count":0,"_bbp_total_topic_count":0,"_bbp_total_reply_count":0,"_bbp_voice_count":0,"_bbp_anonymous_reply_count":0,"_bbp_topic_count_hidden":0,"_bbp_reply_count_hidden":0,"_bbp_forum_subforum_count":0,"_coblocks_attr":"","_coblocks_dimensions":"","_coblocks_responsive_height":"","_coblocks_accordion_ie_support":"","footnotes":""},"class_list":["post-46","page","type-page","status-publish","hentry"],"blocksy_meta":{"styles_descriptor":{"styles":{"desktop":"","tablet":"","mobile":""},"google_fonts":[],"version":6}},"yoast_head":"<!-- This site is optimized with the Yoast SEO plugin v27.4 - https:\/\/yoast.com\/product\/yoast-seo-wordpress\/ -->\n<title>Contact us - Explore Old Language Revival - NLDP<\/title>\n<meta name=\"description\" content=\"Welcome to NLDP Learn about us, explore our language project that is gaining immense popularity. Find out more, contact us today.\" \/>\n<meta name=\"robots\" content=\"index, follow, max-snippet:-1, max-image-preview:large, max-video-preview:-1\" \/>\n<link rel=\"canonical\" href=\"https:\/\/www.nldep.com\/ssd\/contact-us\/\" \/>\n<meta property=\"og:locale\" content=\"en_US\" \/>\n<meta property=\"og:type\" content=\"article\" \/>\n<meta property=\"og:title\" content=\"Contact us - Explore Old Language Revival - NLDP\" \/>\n<meta property=\"og:description\" content=\"Welcome to NLDP Learn about us, explore our language project that is gaining immense popularity. Find out more, contact us today.\" \/>\n<meta property=\"og:url\" content=\"https:\/\/www.nldep.com\/ssd\/contact-us\/\" \/>\n<meta property=\"og:site_name\" content=\"NLDP\" \/>\n<meta property=\"article:modified_time\" content=\"2026-04-10T07:37:49+00:00\" \/>\n<meta name=\"twitter:card\" content=\"summary_large_image\" \/>\n<meta name=\"twitter:label1\" content=\"Est. reading time\" \/>\n\t<meta name=\"twitter:data1\" content=\"1 minute\" \/>\n<script type=\"application\/ld+json\" class=\"yoast-schema-graph\">{\"@context\":\"https:\\\/\\\/schema.org\",\"@graph\":[{\"@type\":\"WebPage\",\"@id\":\"https:\\\/\\\/www.nldep.com\\\/contact-us\\\/\",\"url\":\"https:\\\/\\\/www.nldep.com\\\/contact-us\\\/\",\"name\":\"Contact us - Explore Old Language Revival - NLDP\",\"isPartOf\":{\"@id\":\"https:\\\/\\\/www.nldep.com\\\/#website\"},\"datePublished\":\"2021-03-01T20:18:09+00:00\",\"dateModified\":\"2026-04-10T07:37:49+00:00\",\"description\":\"Welcome to NLDP Learn about us, explore our language project that is gaining immense popularity. Find out more, contact us today.\",\"breadcrumb\":{\"@id\":\"https:\\\/\\\/www.nldep.com\\\/contact-us\\\/#breadcrumb\"},\"inLanguage\":\"SSD\",\"potentialAction\":[{\"@type\":\"ReadAction\",\"target\":[\"https:\\\/\\\/www.nldep.com\\\/contact-us\\\/\"]}]},{\"@type\":\"BreadcrumbList\",\"@id\":\"https:\\\/\\\/www.nldep.com\\\/contact-us\\\/#breadcrumb\",\"itemListElement\":[{\"@type\":\"ListItem\",\"position\":1,\"name\":\"Home\",\"item\":\"https:\\\/\\\/www.nldep.com\\\/\"},{\"@type\":\"ListItem\",\"position\":2,\"name\":\"Contact us\"}]},{\"@type\":\"WebSite\",\"@id\":\"https:\\\/\\\/www.nldep.com\\\/#website\",\"url\":\"https:\\\/\\\/www.nldep.com\\\/\",\"name\":\"NLDP\",\"description\":\"Nuer Language Digitization Project\",\"publisher\":{\"@id\":\"https:\\\/\\\/www.nldep.com\\\/#organization\"},\"potentialAction\":[{\"@type\":\"SearchAction\",\"target\":{\"@type\":\"EntryPoint\",\"urlTemplate\":\"https:\\\/\\\/www.nldep.com\\\/?s={search_term_string}\"},\"query-input\":{\"@type\":\"PropertyValueSpecification\",\"valueRequired\":true,\"valueName\":\"search_term_string\"}}],\"inLanguage\":\"SSD\"},{\"@type\":\"Organization\",\"@id\":\"https:\\\/\\\/www.nldep.com\\\/#organization\",\"name\":\"Nuer Language Digitization Project\",\"url\":\"https:\\\/\\\/www.nldep.com\\\/\",\"logo\":{\"@type\":\"ImageObject\",\"inLanguage\":\"SSD\",\"@id\":\"https:\\\/\\\/www.nldep.com\\\/#\\\/schema\\\/logo\\\/image\\\/\",\"url\":\"https:\\\/\\\/www.nldep.com\\\/wp-content\\\/uploads\\\/2021\\\/03\\\/Asset-2-1.png\",\"contentUrl\":\"https:\\\/\\\/www.nldep.com\\\/wp-content\\\/uploads\\\/2021\\\/03\\\/Asset-2-1.png\",\"width\":568,\"height\":135,\"caption\":\"Nuer Language Digitization Project\"},\"image\":{\"@id\":\"https:\\\/\\\/www.nldep.com\\\/#\\\/schema\\\/logo\\\/image\\\/\"}}]}<\/script>\n<!-- \/ Yoast SEO plugin. -->","yoast_head_json":{"title":"Contact us - Explore Old Language Revival - NLDP","description":"Welcome to NLDP Learn about us, explore our language project that is gaining immense popularity. Find out more, contact us today.","robots":{"index":"index","follow":"follow","max-snippet":"max-snippet:-1","max-image-preview":"max-image-preview:large","max-video-preview":"max-video-preview:-1"},"canonical":"https:\/\/www.nldep.com\/ssd\/contact-us\/","og_locale":"en_US","og_type":"article","og_title":"Contact us - Explore Old Language Revival - NLDP","og_description":"Welcome to NLDP Learn about us, explore our language project that is gaining immense popularity. Find out more, contact us today.","og_url":"https:\/\/www.nldep.com\/ssd\/contact-us\/","og_site_name":"NLDP","article_modified_time":"2026-04-10T07:37:49+00:00","twitter_card":"summary_large_image","twitter_misc":{"Est. reading time":"1 minute"},"schema":{"@context":"https:\/\/schema.org","@graph":[{"@type":"WebPage","@id":"https:\/\/www.nldep.com\/contact-us\/","url":"https:\/\/www.nldep.com\/contact-us\/","name":"Contact us - Explore Old Language Revival - NLDP","isPartOf":{"@id":"https:\/\/www.nldep.com\/#website"},"datePublished":"2021-03-01T20:18:09+00:00","dateModified":"2026-04-10T07:37:49+00:00","description":"Welcome to NLDP Learn about us, explore our language project that is gaining immense popularity. Find out more, contact us today.","breadcrumb":{"@id":"https:\/\/www.nldep.com\/contact-us\/#breadcrumb"},"inLanguage":"SSD","potentialAction":[{"@type":"ReadAction","target":["https:\/\/www.nldep.com\/contact-us\/"]}]},{"@type":"BreadcrumbList","@id":"https:\/\/www.nldep.com\/contact-us\/#breadcrumb","itemListElement":[{"@type":"ListItem","position":1,"name":"Home","item":"https:\/\/www.nldep.com\/"},{"@type":"ListItem","position":2,"name":"Contact us"}]},{"@type":"WebSite","@id":"https:\/\/www.nldep.com\/#website","url":"https:\/\/www.nldep.com\/","name":"NLDP","description":"Nuer Language Digitization Project","publisher":{"@id":"https:\/\/www.nldep.com\/#organization"},"potentialAction":[{"@type":"SearchAction","target":{"@type":"EntryPoint","urlTemplate":"https:\/\/www.nldep.com\/?s={search_term_string}"},"query-input":{"@type":"PropertyValueSpecification","valueRequired":true,"valueName":"search_term_string"}}],"inLanguage":"SSD"},{"@type":"Organization","@id":"https:\/\/www.nldep.com\/#organization","name":"Nuer Language Digitization Project","url":"https:\/\/www.nldep.com\/","logo":{"@type":"ImageObject","inLanguage":"SSD","@id":"https:\/\/www.nldep.com\/#\/schema\/logo\/image\/","url":"https:\/\/www.nldep.com\/wp-content\/uploads\/2021\/03\/Asset-2-1.png","contentUrl":"https:\/\/www.nldep.com\/wp-content\/uploads\/2021\/03\/Asset-2-1.png","width":568,"height":135,"caption":"Nuer Language Digitization Project"},"image":{"@id":"https:\/\/www.nldep.com\/#\/schema\/logo\/image\/"}}]}},"brizy_media":[{"id":247,"url":"https:\/\/www.nldep.com\/wp-content\/uploads\/brizy\/46\/assets\/images\/0041b7f7c67b70e3c737c3ce1f44c48cb4ee7a22.jpeg","name":"0041b7f7c67b70e3c737c3ce1f44c48cb4ee7a22.jpeg","meta":{"brizy_attachment_uid":"0041b7f7c67b70e3c737c3ce1f44c48cb4ee7a22.jpeg","brizy_post_uid":["68fa6a39cd2d9b9d880cc51da105d249"]}}],"_links":{"self":[{"href":"https:\/\/www.nldep.com\/ssd\/wp-json\/wp\/v2\/pages\/46","targetHints":{"allow":["GET"]}}],"collection":[{"href":"https:\/\/www.nldep.com\/ssd\/wp-json\/wp\/v2\/pages"}],"about":[{"href":"https:\/\/www.nldep.com\/ssd\/wp-json\/wp\/v2\/types\/page"}],"author":[{"embeddable":true,"href":"https:\/\/www.nldep.com\/ssd\/wp-json\/wp\/v2\/users\/1"}],"replies":[{"embeddable":true,"href":"https:\/\/www.nldep.com\/ssd\/wp-json\/wp\/v2\/comments?post=46"}],"version-history":[{"count":7,"href":"https:\/\/www.nldep.com\/ssd\/wp-json\/wp\/v2\/pages\/46\/revisions"}],"predecessor-version":[{"id":400,"href":"https:\/\/www.nldep.com\/ssd\/wp-json\/wp\/v2\/pages\/46\/revisions\/400"}],"wp:attachment":[{"href":"https:\/\/www.nldep.com\/ssd\/wp-json\/wp\/v2\/media?parent=46"}],"curies":[{"name":"wp","href":"https:\/\/api.w.org\/{rel}","templated":true}]}}