{"id":71,"date":"2021-03-01T20:34:16","date_gmt":"2021-03-01T20:34:16","guid":{"rendered":"https:\/\/www.nldep.com\/?page_id=71"},"modified":"2026-04-10T01:35:07","modified_gmt":"2026-04-10T01:35:07","slug":"nl-developer-api","status":"publish","type":"page","link":"https:\/\/www.nldep.com\/ssd\/nl-developer-api\/","title":{"rendered":"NL Pi\u0331\u00e4th \u0194\u025b\u0308\u025b\u0308pni\u0331"},"content":{"rendered":"<div class=\"brz-root__container brz-reset-all brz brz-root__container-page\">\n<section id=\"_vddmgbtsiqmspdhewkaaeqqpjvausmklgzcj\" class=\"brz-section brz-css-wpoqu6 brz-css-1rgdjv2\">\n<div class=\"brz-slick-slider brz-slick-slider__section\" data-slides-to-show=\"1\" data-slides-to-scroll=\"1\" data-arrows=\"true\" data-dots=\"true\" data-dots-class=\"brz-slick-slider__dots brz-slick-slider__dots--square\" data-fade=\"false\" data-vertical=\"false\" data-auto-play=\"false\" data-auto-play-speed=\"3000\" data-animation-speed=\"500\" data-swipe=\"true\" data-responsive=\"%5B%7B%22breakpoint%22%3A767%2C%22settings%22%3A%7B%22slidesToShow%22%3A1%2C%22slidesToScroll%22%3A1%7D%7D%5D\">\n<div>\n<div class=\"brz-section__content brz-section--boxed brz-css-12bch94 brz-css-i8w6pz\" data-brz-custom-id=\"dlgihqsuscfqeqiratkmsijwwhpxsoavqsym\">\n<div class=\"brz-bg\">\n<div class=\"brz-bg-image\"><\/div>\n<div class=\"brz-bg-color\"><\/div>\n<\/div>\n<div class=\"brz-container brz-css-127ok15\">\n<div class=\"brz-row__container brz-css-194iq7p brz-css-5viy34\" data-brz-custom-id=\"yrrumcfznywogktrcujsmaiinkcncixrhwdc\">\n<div class=\"brz-bg\"><\/div>\n<div class=\"brz-row brz-css-ds2lm8 brz-css-127uug0\">\n<div class=\"brz-columns brz-css-xedm95 brz-css-10947be\" data-brz-custom-id=\"thxzaubozemklrqqoyktbasicvhxfkmkzsuj\">\n<div class=\"brz-bg\">\n<div class=\"brz-bg-color\"><\/div>\n<\/div>\n<div class=\"brz-column__items brz-css-jks145 brz-css-wjlg5c\">\n<div id=\"\" class=\"brz-css-1htksi8 brz-css-1ybpkvx brz-wrapper\">\n<div class=\"brz-rich-text brz-rich-text__custom brz-css-1l0n1wu\" data-brz-custom-id=\"iohdyvgycdzycehvssalunuxranjcgjpwyma\">\n<div data-brz-translate-text=\"1\">\n<h2 class=\"brz-text-xs-center brz-tp-heading2 brz-text-lg-left brz-css-oOtYL\"><span class=\"brz-cp-color2\">NL Pi\u0331\u00e4th \u0194\u025b\u0308\u025b\u0308pni\u0331<\/span><\/h2>\n<\/div>\n<\/div>\n<\/div>\n<div id=\"\" class=\"brz-css-1htksi8 brz-css-1dk3xfh brz-wrapper\">\n<div class=\"brz-rich-text brz-rich-text__custom brz-css-1l0n1wu\" data-brz-custom-id=\"rhlveglsfsevwgerujgpqlgdnridvokfmlzy\">\n<div data-brz-translate-text=\"1\">\n<p class=\"brz-mb-sm-0 brz-mb-lg-20 brz-text-xs-center brz-text-lg-left brz-tp-subtitle brz-mb-xs-15 brz-css-rmpLW\"><em class=\"brz-cp-color3\">L\u00e4t tin dee la\u0331th l\u00e4tni\u0331 k\u025b pi\u0331\u00e4th NL W\u025bp thay<\/em><\/p>\n<\/div>\n<\/div>\n<\/div>\n<div id=\"\" class=\"brz-css-1htksi8 brz-wrapper\">\n<div class=\"brz-rich-text brz-rich-text__custom brz-css-1l0n1wu\" data-brz-custom-id=\"ojrduhnnfdsefgpevzygdgocesjtaenpmrte\">\n<div data-brz-translate-text=\"1\">\n<p class=\"brz-mb-xs-15 brz-tp-paragraph brz-text-xs-center brz-mb-lg-20 brz-mb-sm-0 brz-css-niwJU\"><span class=\"brz-cp-color7\">\u0190n Thok Nu\u00e4\u00e4r\u00e4 \u025bm\u025b ba la\u0331t k\u025b kui\u0331 \u0194\u025b\u0308\u025b\u0308pni\u0331 ni\u0331  tin dee  nath we  r\u025bc k\u025b lu\u0254\u0331c thu\u0254k nath  k\u00e4 Gugil\/gugg\u0254l k\u025bn\u025b ca\u0331a\u0331p tin dee Thok Li\u014b\u025bli\u0331thni\u0331 g\u025b\u0308r ( K\u00e4 thodan k\u025bn\u025b Thuk tin go\u0331o\u0331l k\u025b du\u0254\u0331\u0254\u0331p mi\u0331 thi\u0331a\u0331a\u0331k) \u025b ba k\u025b loc k\u025b Thok nath<\/span><\/p>\n<\/div>\n<\/div>\n<\/div>\n<div class=\"brz-wrapper-clone brz-css-qghum\">\n<div class=\"brz-d-xs-flex brz-flex-xs-wrap brz-css-1a52vzd brz-css-1q3vq7c\" data-brz-custom-id=\"\">\n<div class=\"brz-wrapper-clone__item\" id=\"jvppfheevbeembdxqhdqmtsajgmxsgznyeax\"><a class=\"brz-a brz-btn brz-css-gy1m5 brz-css-16yq5rc brz-css-eaue58 brz-css-am7qc9\" href=\"https:\/\/www.nldep.com\/ssd\/nl-developer-api\/\" target=\"_self\" rel=\"noopener\" data-brz-link-type=\"external\" data-brz-custom-id=\"jvppfheevbeembdxqhdqmtsajgmxsgznyeax\"><span data-brz-translate-text=\"1\" class=\"brz-span brz-text__editor\">\u0194\u0254\u0331\u0254\u0331n j\u025b k\u025b du\u0254\u0331\u0254\u0331p mi\u0331 thi\u0331a\u0331a\u0331k<\/span><\/a><\/div>\n<\/div>\n<\/div>\n<\/div>\n<\/div>\n<div class=\"brz-columns brz-css-xedm95 brz-css-ti2yy\" data-brz-custom-id=\"xderagowfpphxbzwdjfmdxtcwbnqhuummlol\">\n<div class=\"brz-bg\">\n<div class=\"brz-bg-image\"><\/div>\n<\/div>\n<div class=\"brz-column__items brz-css-jks145\">\n<div id=\"\" class=\"brz-css-1htksi8 brz-css-jk46sd brz-wrapper\">\n<div class=\"brz-spacer brz-css-12rs3vt brz-css-17r794i\"><\/div>\n<\/div>\n<\/div>\n<\/div>\n<\/div>\n<\/div>\n<\/div>\n<\/div>\n<\/div>\n<\/div>\n<\/section>\n<\/div>\n<p>    <!-- version:1736974530 --><\/p>","protected":false},"excerpt":{"rendered":"<p>NL Developer API developers to use NL in thier websites and projects. Functioning Nuer Language APIs, which will allow anyone to use Nuer on Google Translate and make English (and other languages in the long run) translatable to Nuer. TEST IT FOR FREE<\/p>","protected":false},"author":1,"featured_media":0,"parent":0,"menu_order":0,"comment_status":"closed","ping_status":"closed","template":"","meta":{"_bbp_topic_count":0,"_bbp_reply_count":0,"_bbp_total_topic_count":0,"_bbp_total_reply_count":0,"_bbp_voice_count":0,"_bbp_anonymous_reply_count":0,"_bbp_topic_count_hidden":0,"_bbp_reply_count_hidden":0,"_bbp_forum_subforum_count":0,"_coblocks_attr":"","_coblocks_dimensions":"","_coblocks_responsive_height":"","_coblocks_accordion_ie_support":"","footnotes":""},"class_list":["post-71","page","type-page","status-publish","hentry"],"blocksy_meta":{"styles_descriptor":{"styles":{"desktop":"","tablet":"","mobile":""},"google_fonts":[],"version":6}},"yoast_head":"<!-- This site is optimized with the Yoast SEO plugin v27.4 - https:\/\/yoast.com\/product\/yoast-seo-wordpress\/ -->\n<title>NL Developer API - Nuer Language Translate API - NLDP<\/title>\n<meta name=\"description\" content=\"NLDP offers the NL Developer API. It helps to use NL in your websites and projects. Try it for free today.\" \/>\n<meta name=\"robots\" content=\"index, follow, max-snippet:-1, max-image-preview:large, max-video-preview:-1\" \/>\n<link rel=\"canonical\" href=\"https:\/\/www.nldep.com\/ssd\/nl-developer-api\/\" \/>\n<meta property=\"og:locale\" content=\"en_US\" \/>\n<meta property=\"og:type\" content=\"article\" \/>\n<meta property=\"og:title\" content=\"NL Developer API - Nuer Language Translate API - NLDP\" \/>\n<meta property=\"og:description\" content=\"NLDP offers the NL Developer API. It helps to use NL in your websites and projects. Try it for free today.\" \/>\n<meta property=\"og:url\" content=\"https:\/\/www.nldep.com\/ssd\/nl-developer-api\/\" \/>\n<meta property=\"og:site_name\" content=\"NLDP\" \/>\n<meta property=\"article:modified_time\" content=\"2026-04-10T01:35:07+00:00\" \/>\n<meta name=\"twitter:card\" content=\"summary_large_image\" \/>\n<script type=\"application\/ld+json\" class=\"yoast-schema-graph\">{\"@context\":\"https:\\\/\\\/schema.org\",\"@graph\":[{\"@type\":\"WebPage\",\"@id\":\"https:\\\/\\\/www.nldep.com\\\/nl-developer-api\\\/\",\"url\":\"https:\\\/\\\/www.nldep.com\\\/nl-developer-api\\\/\",\"name\":\"NL Developer API - Nuer Language Translate API - NLDP\",\"isPartOf\":{\"@id\":\"https:\\\/\\\/www.nldep.com\\\/#website\"},\"datePublished\":\"2021-03-01T20:34:16+00:00\",\"dateModified\":\"2026-04-10T01:35:07+00:00\",\"description\":\"NLDP offers the NL Developer API. It helps to use NL in your websites and projects. Try it for free today.\",\"breadcrumb\":{\"@id\":\"https:\\\/\\\/www.nldep.com\\\/nl-developer-api\\\/#breadcrumb\"},\"inLanguage\":\"SSD\",\"potentialAction\":[{\"@type\":\"ReadAction\",\"target\":[\"https:\\\/\\\/www.nldep.com\\\/nl-developer-api\\\/\"]}]},{\"@type\":\"BreadcrumbList\",\"@id\":\"https:\\\/\\\/www.nldep.com\\\/nl-developer-api\\\/#breadcrumb\",\"itemListElement\":[{\"@type\":\"ListItem\",\"position\":1,\"name\":\"Home\",\"item\":\"https:\\\/\\\/www.nldep.com\\\/\"},{\"@type\":\"ListItem\",\"position\":2,\"name\":\"NL Developer API\"}]},{\"@type\":\"WebSite\",\"@id\":\"https:\\\/\\\/www.nldep.com\\\/#website\",\"url\":\"https:\\\/\\\/www.nldep.com\\\/\",\"name\":\"NLDP\",\"description\":\"Nuer Language Digitization Project\",\"publisher\":{\"@id\":\"https:\\\/\\\/www.nldep.com\\\/#organization\"},\"potentialAction\":[{\"@type\":\"SearchAction\",\"target\":{\"@type\":\"EntryPoint\",\"urlTemplate\":\"https:\\\/\\\/www.nldep.com\\\/?s={search_term_string}\"},\"query-input\":{\"@type\":\"PropertyValueSpecification\",\"valueRequired\":true,\"valueName\":\"search_term_string\"}}],\"inLanguage\":\"SSD\"},{\"@type\":\"Organization\",\"@id\":\"https:\\\/\\\/www.nldep.com\\\/#organization\",\"name\":\"Nuer Language Digitization Project\",\"url\":\"https:\\\/\\\/www.nldep.com\\\/\",\"logo\":{\"@type\":\"ImageObject\",\"inLanguage\":\"SSD\",\"@id\":\"https:\\\/\\\/www.nldep.com\\\/#\\\/schema\\\/logo\\\/image\\\/\",\"url\":\"https:\\\/\\\/www.nldep.com\\\/wp-content\\\/uploads\\\/2021\\\/03\\\/Asset-2-1.png\",\"contentUrl\":\"https:\\\/\\\/www.nldep.com\\\/wp-content\\\/uploads\\\/2021\\\/03\\\/Asset-2-1.png\",\"width\":568,\"height\":135,\"caption\":\"Nuer Language Digitization Project\"},\"image\":{\"@id\":\"https:\\\/\\\/www.nldep.com\\\/#\\\/schema\\\/logo\\\/image\\\/\"}}]}<\/script>\n<!-- \/ Yoast SEO plugin. -->","yoast_head_json":{"title":"NL Developer API - Nuer Language Translate API - NLDP","description":"NLDP offers the NL Developer API. It helps to use NL in your websites and projects. Try it for free today.","robots":{"index":"index","follow":"follow","max-snippet":"max-snippet:-1","max-image-preview":"max-image-preview:large","max-video-preview":"max-video-preview:-1"},"canonical":"https:\/\/www.nldep.com\/ssd\/nl-developer-api\/","og_locale":"en_US","og_type":"article","og_title":"NL Developer API - Nuer Language Translate API - NLDP","og_description":"NLDP offers the NL Developer API. It helps to use NL in your websites and projects. Try it for free today.","og_url":"https:\/\/www.nldep.com\/ssd\/nl-developer-api\/","og_site_name":"NLDP","article_modified_time":"2026-04-10T01:35:07+00:00","twitter_card":"summary_large_image","schema":{"@context":"https:\/\/schema.org","@graph":[{"@type":"WebPage","@id":"https:\/\/www.nldep.com\/nl-developer-api\/","url":"https:\/\/www.nldep.com\/nl-developer-api\/","name":"NL Developer API - Nuer Language Translate API - NLDP","isPartOf":{"@id":"https:\/\/www.nldep.com\/#website"},"datePublished":"2021-03-01T20:34:16+00:00","dateModified":"2026-04-10T01:35:07+00:00","description":"NLDP offers the NL Developer API. It helps to use NL in your websites and projects. Try it for free today.","breadcrumb":{"@id":"https:\/\/www.nldep.com\/nl-developer-api\/#breadcrumb"},"inLanguage":"SSD","potentialAction":[{"@type":"ReadAction","target":["https:\/\/www.nldep.com\/nl-developer-api\/"]}]},{"@type":"BreadcrumbList","@id":"https:\/\/www.nldep.com\/nl-developer-api\/#breadcrumb","itemListElement":[{"@type":"ListItem","position":1,"name":"Home","item":"https:\/\/www.nldep.com\/"},{"@type":"ListItem","position":2,"name":"NL Developer API"}]},{"@type":"WebSite","@id":"https:\/\/www.nldep.com\/#website","url":"https:\/\/www.nldep.com\/","name":"NLDP","description":"Nuer Language Digitization Project","publisher":{"@id":"https:\/\/www.nldep.com\/#organization"},"potentialAction":[{"@type":"SearchAction","target":{"@type":"EntryPoint","urlTemplate":"https:\/\/www.nldep.com\/?s={search_term_string}"},"query-input":{"@type":"PropertyValueSpecification","valueRequired":true,"valueName":"search_term_string"}}],"inLanguage":"SSD"},{"@type":"Organization","@id":"https:\/\/www.nldep.com\/#organization","name":"Nuer Language Digitization Project","url":"https:\/\/www.nldep.com\/","logo":{"@type":"ImageObject","inLanguage":"SSD","@id":"https:\/\/www.nldep.com\/#\/schema\/logo\/image\/","url":"https:\/\/www.nldep.com\/wp-content\/uploads\/2021\/03\/Asset-2-1.png","contentUrl":"https:\/\/www.nldep.com\/wp-content\/uploads\/2021\/03\/Asset-2-1.png","width":568,"height":135,"caption":"Nuer Language Digitization Project"},"image":{"@id":"https:\/\/www.nldep.com\/#\/schema\/logo\/image\/"}}]}},"brizy_media":[],"_links":{"self":[{"href":"https:\/\/www.nldep.com\/ssd\/wp-json\/wp\/v2\/pages\/71","targetHints":{"allow":["GET"]}}],"collection":[{"href":"https:\/\/www.nldep.com\/ssd\/wp-json\/wp\/v2\/pages"}],"about":[{"href":"https:\/\/www.nldep.com\/ssd\/wp-json\/wp\/v2\/types\/page"}],"author":[{"embeddable":true,"href":"https:\/\/www.nldep.com\/ssd\/wp-json\/wp\/v2\/users\/1"}],"replies":[{"embeddable":true,"href":"https:\/\/www.nldep.com\/ssd\/wp-json\/wp\/v2\/comments?post=71"}],"version-history":[{"count":4,"href":"https:\/\/www.nldep.com\/ssd\/wp-json\/wp\/v2\/pages\/71\/revisions"}],"predecessor-version":[{"id":296,"href":"https:\/\/www.nldep.com\/ssd\/wp-json\/wp\/v2\/pages\/71\/revisions\/296"}],"wp:attachment":[{"href":"https:\/\/www.nldep.com\/ssd\/wp-json\/wp\/v2\/media?parent=71"}],"curies":[{"name":"wp","href":"https:\/\/api.w.org\/{rel}","templated":true}]}}