{"id":73,"date":"2021-03-01T20:34:16","date_gmt":"2021-03-01T20:34:16","guid":{"rendered":"https:\/\/www.nldep.com\/?page_id=73"},"modified":"2026-04-10T03:14:31","modified_gmt":"2026-04-10T03:14:31","slug":"thok-naath-keyboard","status":"publish","type":"page","link":"https:\/\/www.nldep.com\/ssd\/thok-naath-keyboard\/","title":{"rendered":"Thok nath Ki\u0331ybu\u0254\u0254t"},"content":{"rendered":"<div class=\"brz-root__container brz-reset-all brz brz-root__container-page\">\n<section id=\"_fsnzjrcujdkuhootqwvpbagccpaxmccujien\" class=\"brz-section brz-css-1lz9s1z brz-css-exfnf9\">\n<div class=\"brz-section__content brz-section--boxed brz-css-1eaf05d brz-css-1bw0spu\" data-brz-custom-id=\"gfgcqzhuomldulayqgimmauljotguufztdoe\">\n<div class=\"brz-bg\">\n<div class=\"brz-bg-image\"><\/div>\n<div class=\"brz-bg-color\"><\/div>\n<\/div>\n<div class=\"brz-container brz-css-yvyxze\">\n<div class=\"brz-row__container brz-css-b588wb\" data-brz-custom-id=\"xgjxivjrqtnjevnxvssvvkyejamlklwumwkb\">\n<div class=\"brz-bg\"><\/div>\n<div class=\"brz-row brz-css-nl5i4y brz-css-1b7qmsn\">\n<div class=\"brz-columns brz-css-1t2vzrt brz-css-1jmc8rb\" data-brz-custom-id=\"exitlfrjltdrjdabotakvxgskwicaecpebzp\">\n<div class=\"brz-bg\">\n<div class=\"brz-bg-image\"><\/div>\n<\/div>\n<div class=\"brz-column__items brz-css-1sf4g0h\">\n<div id=\"\" class=\"brz-css-18uhsgb brz-css-rnvz6c brz-wrapper\">\n<div class=\"brz-spacer brz-css-njp0rb brz-css-ade5nd\"><\/div>\n<\/div>\n<\/div>\n<\/div>\n<div class=\"brz-columns brz-css-1t2vzrt brz-css-sa37ed\" data-brz-custom-id=\"bbsgnjpggbqnqlawzwyecooafycpkuuswuxh\">\n<div class=\"brz-bg\">\n<div class=\"brz-bg-color\"><\/div>\n<\/div>\n<div class=\"brz-column__items brz-css-1sf4g0h brz-css-pqpoto\">\n<div id=\"\" class=\"brz-css-18uhsgb brz-css-ksg74j brz-wrapper\">\n<div class=\"brz-rich-text brz-rich-text__custom brz-css-2mxshq\" data-brz-custom-id=\"aivrxjjdxewbqrxqypfgrznqydrhfkofpsas\">\n<div data-brz-translate-text=\"1\">\n<h2 class=\"brz-text-lg-left brz-tp-heading2 brz-text-xs-center brz-css-opwBJ\"><span class=\"brz-cp-color2\">Thok nath Ki\u0331ybu\u0254\u0254t<\/span><\/h2>\n<\/div>\n<\/div>\n<\/div>\n<div id=\"\" class=\"brz-css-18uhsgb brz-css-1miipbz brz-wrapper\">\n<div class=\"brz-rich-text brz-rich-text__custom brz-css-2mxshq\" data-brz-custom-id=\"vbelwhzzrjhmoiftypiqkkzblbamqwpnfqmf\">\n<div data-brz-translate-text=\"1\">\n<p class=\"brz-mb-sm-0 brz-mb-xs-15 brz-tp-subtitle brz-text-lg-left brz-text-xs-center brz-mb-lg-20 brz-css-o7scW\"><em class=\"brz-cp-color3\">Pu\u0254\u0331ny Ki\u0331ybu\u0254\u0254t k\u00e4 <\/em><\/p>\n<\/div>\n<\/div>\n<\/div>\n<div id=\"\" class=\"brz-css-18uhsgb brz-wrapper\">\n<div class=\"brz-rich-text brz-rich-text__custom brz-css-2mxshq\" data-brz-custom-id=\"klbyljcuaoyjdxgzgmpnwehvqnxvlysjzyci\">\n<div data-brz-translate-text=\"1\">\n<p class=\"brz-mb-lg-20 brz-text-xs-center brz-tp-paragraph brz-mb-xs-15 brz-mb-sm-0 brz-css-dYbgC\"><span class=\"brz-cp-color7\">\u0190n pu\u0254\u0331ny Ki\u0331ybu\u0254\u0254t Thok Nu\u00e4\u00e4r\u00e4 \u025bm\u025b ca ri\u0331ali\u0331k\u00e4 k\u025b gu\u00e4\u00e4th k\u025b da\u0331\u014b r\u025bw ce\u0331tk\u025b D\u025bthki\u0331t\u0254p k\u025bn\u025b Lapt\u0254p j\u025b b\u025b yi\u0331k tee k\u025b d\u00e4\u00e4k mi\u0331 ba \u014bi\u0331c ni\u0331 j\u025b \u025b ji\u0331 ny\u025bgaathk\u00e4 k\u025bn\u025b nath tin bi\u0331 j\u025b k\u0254k \u025bn Kiybu\u0254\u0254t Lapt\u0254pk\u00e4 \u025bm\u025b k\u025b Thok Nath \/Nu\u00e4\u00e4r\u00e4 Kiybu\u0254t j\u025b b\u025b tee k\u025b bi\u0331\u025bl\u025b mi\u0331 bi\u0331 tee k\u025b d\u00e4\u00e4k k\u025b kuak tin k\u0254ak k\u025b ni\u0331 w\u00ebnk\u00e4 \u025b ji\u0331 ny\u025bgaak\u00e4 mi\u0331 tee thi\u0331n i\u0331n\u0254. <\/span><\/p>\n<\/div>\n<\/div>\n<\/div>\n<div class=\"brz-wrapper-clone brz-css-e83yqm\">\n<div class=\"brz-d-xs-flex brz-flex-xs-wrap brz-css-1l6buer brz-css-jaaxzm\" data-brz-custom-id=\"\">\n<div class=\"brz-wrapper-clone__item\" id=\"psaczpeattymkrkevnwetbaocomvyzjkewfk\"><a class=\"brz-a brz-btn brz-css-162s9zy brz-css-gn5d1h brz-css-599o6q brz-css-8qfmq8\" href=\"https:\/\/www.nldep.com\/ssd\/thok-naath-keyboard\/\" target=\"_self\" rel=\"noopener\" data-brz-link-type=\"external\" data-brz-custom-id=\"psaczpeattymkrkevnwetbaocomvyzjkewfk\"><span data-brz-translate-text=\"1\" class=\"brz-span brz-text__editor\">\u0194\u0254\u0331\u0254\u0331n j\u025b k\u025b du\u0254\u0331\u0254\u0331p mi\u0331 thi\u0331a\u0331a\u0331k<\/span><\/a><\/div>\n<\/div>\n<\/div>\n<\/div>\n<\/div>\n<\/div>\n<\/div>\n<\/div>\n<\/div>\n<\/section>\n<\/div>\n<p>    <!-- version:1736988279 --><\/p>","protected":false},"excerpt":{"rendered":"<p>Thoknath Keyboard. A physical keyboard Nuer Language physical Keyboard, both for desktop and laptops. Vendor(s) will be identified for marketing and selling keyboards, laptop with Nuer Language Keyboard, and other branding merchandises. TEST IT FOR FREE<\/p>","protected":false},"author":1,"featured_media":0,"parent":0,"menu_order":0,"comment_status":"closed","ping_status":"closed","template":"","meta":{"_bbp_topic_count":0,"_bbp_reply_count":0,"_bbp_total_topic_count":0,"_bbp_total_reply_count":0,"_bbp_voice_count":0,"_bbp_anonymous_reply_count":0,"_bbp_topic_count_hidden":0,"_bbp_reply_count_hidden":0,"_bbp_forum_subforum_count":0,"_coblocks_attr":"","_coblocks_dimensions":"","_coblocks_responsive_height":"","_coblocks_accordion_ie_support":"","footnotes":""},"class_list":["post-73","page","type-page","status-publish","hentry"],"blocksy_meta":{"styles_descriptor":{"styles":{"desktop":"","tablet":"","mobile":""},"google_fonts":[],"version":6}},"yoast_head":"<!-- This site is optimized with the Yoast SEO plugin v27.4 - https:\/\/yoast.com\/product\/yoast-seo-wordpress\/ -->\n<title>Thoknath Keyboard - Physical Keyboard Services - NLDP<\/title>\n<meta name=\"description\" content=\"Discover Thoknath Keyboard, a physical keyboard for desktop and laptops by NLDP. Test it for free today.\" \/>\n<meta name=\"robots\" content=\"index, follow, max-snippet:-1, max-image-preview:large, max-video-preview:-1\" \/>\n<link rel=\"canonical\" href=\"https:\/\/www.nldep.com\/ssd\/thok-naath-keyboard\/\" \/>\n<meta property=\"og:locale\" content=\"en_US\" \/>\n<meta property=\"og:type\" content=\"article\" \/>\n<meta property=\"og:title\" content=\"Thoknath Keyboard - Physical Keyboard Services - NLDP\" \/>\n<meta property=\"og:description\" content=\"Discover Thoknath Keyboard, a physical keyboard for desktop and laptops by NLDP. Test it for free today.\" \/>\n<meta property=\"og:url\" content=\"https:\/\/www.nldep.com\/ssd\/thok-naath-keyboard\/\" \/>\n<meta property=\"og:site_name\" content=\"NLDP\" \/>\n<meta property=\"article:modified_time\" content=\"2026-04-10T03:14:31+00:00\" \/>\n<meta name=\"twitter:card\" content=\"summary_large_image\" \/>\n<meta name=\"twitter:label1\" content=\"Est. reading time\" \/>\n\t<meta name=\"twitter:data1\" content=\"1 minute\" \/>\n<script type=\"application\/ld+json\" class=\"yoast-schema-graph\">{\"@context\":\"https:\\\/\\\/schema.org\",\"@graph\":[{\"@type\":\"WebPage\",\"@id\":\"https:\\\/\\\/www.nldep.com\\\/ssd\\\/thok-naath-keyboard\\\/\",\"url\":\"https:\\\/\\\/www.nldep.com\\\/ssd\\\/thok-naath-keyboard\\\/\",\"name\":\"Thoknath Keyboard - Physical Keyboard Services - NLDP\",\"isPartOf\":{\"@id\":\"https:\\\/\\\/www.nldep.com\\\/#website\"},\"datePublished\":\"2021-03-01T20:34:16+00:00\",\"dateModified\":\"2026-04-10T03:14:31+00:00\",\"description\":\"Discover Thoknath Keyboard, a physical keyboard for desktop and laptops by NLDP. Test it for free today.\",\"breadcrumb\":{\"@id\":\"https:\\\/\\\/www.nldep.com\\\/ssd\\\/thok-naath-keyboard\\\/#breadcrumb\"},\"inLanguage\":\"SSD\",\"potentialAction\":[{\"@type\":\"ReadAction\",\"target\":[\"https:\\\/\\\/www.nldep.com\\\/ssd\\\/thok-naath-keyboard\\\/\"]}]},{\"@type\":\"BreadcrumbList\",\"@id\":\"https:\\\/\\\/www.nldep.com\\\/ssd\\\/thok-naath-keyboard\\\/#breadcrumb\",\"itemListElement\":[{\"@type\":\"ListItem\",\"position\":1,\"name\":\"Home\",\"item\":\"https:\\\/\\\/www.nldep.com\\\/\"},{\"@type\":\"ListItem\",\"position\":2,\"name\":\"Thoknath Keyboard\"}]},{\"@type\":\"WebSite\",\"@id\":\"https:\\\/\\\/www.nldep.com\\\/#website\",\"url\":\"https:\\\/\\\/www.nldep.com\\\/\",\"name\":\"NLDP\",\"description\":\"Nuer Language Digitization Project\",\"publisher\":{\"@id\":\"https:\\\/\\\/www.nldep.com\\\/#organization\"},\"potentialAction\":[{\"@type\":\"SearchAction\",\"target\":{\"@type\":\"EntryPoint\",\"urlTemplate\":\"https:\\\/\\\/www.nldep.com\\\/?s={search_term_string}\"},\"query-input\":{\"@type\":\"PropertyValueSpecification\",\"valueRequired\":true,\"valueName\":\"search_term_string\"}}],\"inLanguage\":\"SSD\"},{\"@type\":\"Organization\",\"@id\":\"https:\\\/\\\/www.nldep.com\\\/#organization\",\"name\":\"Nuer Language Digitization Project\",\"url\":\"https:\\\/\\\/www.nldep.com\\\/\",\"logo\":{\"@type\":\"ImageObject\",\"inLanguage\":\"SSD\",\"@id\":\"https:\\\/\\\/www.nldep.com\\\/#\\\/schema\\\/logo\\\/image\\\/\",\"url\":\"https:\\\/\\\/www.nldep.com\\\/wp-content\\\/uploads\\\/2021\\\/03\\\/Asset-2-1.png\",\"contentUrl\":\"https:\\\/\\\/www.nldep.com\\\/wp-content\\\/uploads\\\/2021\\\/03\\\/Asset-2-1.png\",\"width\":568,\"height\":135,\"caption\":\"Nuer Language Digitization Project\"},\"image\":{\"@id\":\"https:\\\/\\\/www.nldep.com\\\/#\\\/schema\\\/logo\\\/image\\\/\"}}]}<\/script>\n<!-- \/ Yoast SEO plugin. -->","yoast_head_json":{"title":"Thoknath Keyboard - Physical Keyboard Services - NLDP","description":"Discover Thoknath Keyboard, a physical keyboard for desktop and laptops by NLDP. Test it for free today.","robots":{"index":"index","follow":"follow","max-snippet":"max-snippet:-1","max-image-preview":"max-image-preview:large","max-video-preview":"max-video-preview:-1"},"canonical":"https:\/\/www.nldep.com\/ssd\/thok-naath-keyboard\/","og_locale":"en_US","og_type":"article","og_title":"Thoknath Keyboard - Physical Keyboard Services - NLDP","og_description":"Discover Thoknath Keyboard, a physical keyboard for desktop and laptops by NLDP. Test it for free today.","og_url":"https:\/\/www.nldep.com\/ssd\/thok-naath-keyboard\/","og_site_name":"NLDP","article_modified_time":"2026-04-10T03:14:31+00:00","twitter_card":"summary_large_image","twitter_misc":{"Est. reading time":"1 minute"},"schema":{"@context":"https:\/\/schema.org","@graph":[{"@type":"WebPage","@id":"https:\/\/www.nldep.com\/ssd\/thok-naath-keyboard\/","url":"https:\/\/www.nldep.com\/ssd\/thok-naath-keyboard\/","name":"Thoknath Keyboard - Physical Keyboard Services - NLDP","isPartOf":{"@id":"https:\/\/www.nldep.com\/#website"},"datePublished":"2021-03-01T20:34:16+00:00","dateModified":"2026-04-10T03:14:31+00:00","description":"Discover Thoknath Keyboard, a physical keyboard for desktop and laptops by NLDP. Test it for free today.","breadcrumb":{"@id":"https:\/\/www.nldep.com\/ssd\/thok-naath-keyboard\/#breadcrumb"},"inLanguage":"SSD","potentialAction":[{"@type":"ReadAction","target":["https:\/\/www.nldep.com\/ssd\/thok-naath-keyboard\/"]}]},{"@type":"BreadcrumbList","@id":"https:\/\/www.nldep.com\/ssd\/thok-naath-keyboard\/#breadcrumb","itemListElement":[{"@type":"ListItem","position":1,"name":"Home","item":"https:\/\/www.nldep.com\/"},{"@type":"ListItem","position":2,"name":"Thoknath Keyboard"}]},{"@type":"WebSite","@id":"https:\/\/www.nldep.com\/#website","url":"https:\/\/www.nldep.com\/","name":"NLDP","description":"Nuer Language Digitization Project","publisher":{"@id":"https:\/\/www.nldep.com\/#organization"},"potentialAction":[{"@type":"SearchAction","target":{"@type":"EntryPoint","urlTemplate":"https:\/\/www.nldep.com\/?s={search_term_string}"},"query-input":{"@type":"PropertyValueSpecification","valueRequired":true,"valueName":"search_term_string"}}],"inLanguage":"SSD"},{"@type":"Organization","@id":"https:\/\/www.nldep.com\/#organization","name":"Nuer Language Digitization Project","url":"https:\/\/www.nldep.com\/","logo":{"@type":"ImageObject","inLanguage":"SSD","@id":"https:\/\/www.nldep.com\/#\/schema\/logo\/image\/","url":"https:\/\/www.nldep.com\/wp-content\/uploads\/2021\/03\/Asset-2-1.png","contentUrl":"https:\/\/www.nldep.com\/wp-content\/uploads\/2021\/03\/Asset-2-1.png","width":568,"height":135,"caption":"Nuer Language Digitization Project"},"image":{"@id":"https:\/\/www.nldep.com\/#\/schema\/logo\/image\/"}}]}},"brizy_media":[{"id":270,"url":"https:\/\/www.nldep.com\/wp-content\/uploads\/brizy\/43\/assets\/images\/c601b1551be6b48edd53e04e3044ff1558caa8a3.jpeg","name":"c601b1551be6b48edd53e04e3044ff1558caa8a3.jpeg","meta":{"brizy_attachment_uid":"c601b1551be6b48edd53e04e3044ff1558caa8a3.jpeg","brizy_post_uid":["fdd12bfbecb31be78820e0874c71499e"]}},{"id":273,"url":"https:\/\/www.nldep.com\/wp-content\/uploads\/brizy\/43\/assets\/images\/e4a5d1aeb42faa67d3ca8d6f292a1183899b5ce0.jpeg","name":"e4a5d1aeb42faa67d3ca8d6f292a1183899b5ce0.jpeg","meta":{"brizy_attachment_uid":"e4a5d1aeb42faa67d3ca8d6f292a1183899b5ce0.jpeg","brizy_post_uid":["fdd12bfbecb31be78820e0874c71499e"]}}],"_links":{"self":[{"href":"https:\/\/www.nldep.com\/ssd\/wp-json\/wp\/v2\/pages\/73","targetHints":{"allow":["GET"]}}],"collection":[{"href":"https:\/\/www.nldep.com\/ssd\/wp-json\/wp\/v2\/pages"}],"about":[{"href":"https:\/\/www.nldep.com\/ssd\/wp-json\/wp\/v2\/types\/page"}],"author":[{"embeddable":true,"href":"https:\/\/www.nldep.com\/ssd\/wp-json\/wp\/v2\/users\/1"}],"replies":[{"embeddable":true,"href":"https:\/\/www.nldep.com\/ssd\/wp-json\/wp\/v2\/comments?post=73"}],"version-history":[{"count":8,"href":"https:\/\/www.nldep.com\/ssd\/wp-json\/wp\/v2\/pages\/73\/revisions"}],"predecessor-version":[{"id":364,"href":"https:\/\/www.nldep.com\/ssd\/wp-json\/wp\/v2\/pages\/73\/revisions\/364"}],"wp:attachment":[{"href":"https:\/\/www.nldep.com\/ssd\/wp-json\/wp\/v2\/media?parent=73"}],"curies":[{"name":"wp","href":"https:\/\/api.w.org\/{rel}","templated":true}]}}