{"id":80,"date":"2021-03-01T20:36:03","date_gmt":"2021-03-01T20:36:03","guid":{"rendered":"https:\/\/www.nldep.com\/?page_id=80"},"modified":"2026-04-10T09:49:23","modified_gmt":"2026-04-10T09:49:23","slug":"apps-and-tools","status":"publish","type":"page","link":"https:\/\/www.nldep.com\/ssd\/apps-and-tools\/","title":{"rendered":"Kuak k\u025bn\u025b \u0194\u025b\u0308\u025b\u0308p ni\u0331 Mubali\u0331"},"content":{"rendered":"<div class=\"brz-root__container brz-reset-all brz brz-root__container-page\">\n<section id=\"_rpfrdkhsmzrmppwvbldxcijrvfxnykgeqtwk\" class=\"brz-section brz-css-ee73u brz-css-sxvama\">\n<div class=\"brz-slick-slider brz-slick-slider__section\" data-slides-to-show=\"1\" data-slides-to-scroll=\"1\" data-arrows=\"true\" data-dots=\"true\" data-dots-class=\"brz-slick-slider__dots brz-slick-slider__dots--square\" data-fade=\"false\" data-vertical=\"false\" data-auto-play=\"false\" data-auto-play-speed=\"3000\" data-animation-speed=\"500\" data-swipe=\"true\" data-responsive=\"%5B%7B%22breakpoint%22%3A767%2C%22settings%22%3A%7B%22slidesToShow%22%3A1%2C%22slidesToScroll%22%3A1%7D%7D%5D\">\n<div>\n<div class=\"brz-section__content brz-section--boxed brz-css-zou6pu brz-css-l32pxz\" data-brz-custom-id=\"qjgtivuazbdqodkufgzldvmxanzzmxdyewkv\">\n<div class=\"brz-bg\">\n<div class=\"brz-bg-image\"><\/div>\n<div class=\"brz-bg-color\"><\/div>\n<\/div>\n<div class=\"brz-container brz-css-n4do3h\">\n<div class=\"brz-row__container brz-css-11l46vs\" data-brz-custom-id=\"rjrghrapuoerifdtcmtpbujhuiqhyoyaqapg\">\n<div class=\"brz-bg\"><\/div>\n<div class=\"brz-row brz-css-zbwxpj brz-css-9d48o\">\n<div class=\"brz-columns brz-css-1a9xyi7 brz-css-1c1em2j\" data-brz-custom-id=\"kjxmomaqbhmvfpvdotttjrnjmgujnhhqhqzo\">\n<div class=\"brz-bg\">\n<div class=\"brz-bg-image\"><\/div>\n<\/div>\n<div class=\"brz-column__items brz-css-qbxud1\">\n<div id=\"\" class=\"brz-css-1mjxtm7 brz-css-1sl4dbv brz-wrapper\">\n<div class=\"brz-spacer brz-css-1szr599 brz-css-g78ia4\"><\/div>\n<\/div>\n<\/div>\n<\/div>\n<div class=\"brz-columns brz-css-1a9xyi7 brz-css-1fgfsfn\" data-brz-custom-id=\"gbtzuaneqiprzpqhalwjhhqucovvasgrlamr\">\n<div class=\"brz-bg\">\n<div class=\"brz-bg-color\"><\/div>\n<\/div>\n<div class=\"brz-column__items brz-css-qbxud1 brz-css-1w4or2a\">\n<div id=\"\" class=\"brz-css-1mjxtm7 brz-css-1sx9xt1 brz-wrapper\">\n<div class=\"brz-rich-text brz-rich-text__custom brz-css-12phvl8\" data-brz-custom-id=\"ijtlzypacbmbjmddjxnrjesimmfxledgnyxx\">\n<div data-brz-translate-text=\"1\">\n<h2 class=\"brz-text-xs-center brz-tp-heading2 brz-text-lg-left brz-css-ouoDm\"><span class=\"brz-cp-color2\">Kuak k\u025bn\u025b \u0194\u025b\u0308\u025b\u0308p ni\u0331 Mubali\u0331<\/span><\/h2>\n<\/div>\n<\/div>\n<\/div>\n<div id=\"\" class=\"brz-css-1mjxtm7 brz-css-yb09ar brz-wrapper\">\n<div class=\"brz-rich-text brz-rich-text__custom brz-css-12phvl8\" data-brz-custom-id=\"zytfhwmmcdeufxvnmiyuzxusogtrirxfkgjc\">\n<div data-brz-translate-text=\"1\">\n<p class=\"brz-mb-sm-0 brz-mb-lg-20 brz-text-xs-center brz-text-lg-left brz-tp-subtitle brz-mb-xs-15 brz-css-iEt87\"><em class=\"brz-cp-color3\">Kuak la\u0331t ti\u0331n ca ri\u0331ali\u0331k\u00e4 k\u025b kui\u0331 \u014b\u00e4ck\u00e4 r\u025by Mubali\u0331 <\/em><\/p>\n<\/div>\n<\/div>\n<\/div>\n<div id=\"\" class=\"brz-css-1mjxtm7 brz-wrapper\">\n<div class=\"brz-rich-text brz-rich-text__custom brz-css-12phvl8\" data-brz-custom-id=\"ljntfueopbfzzlcuhuaprrpnonmydurlpwux\">\n<div data-brz-translate-text=\"1\">\n<p class=\"brz-mb-sm-0 brz-mb-lg-20 brz-text-xs-center brz-tp-paragraph brz-mb-xs-15 brz-css-bzH8z\"><span class=\"brz-cp-color7\">N\u025bm\u025b ca ka\u0331m raar k\u025b du\u0254\u0331\u0254\u0331p i\u0331n dee Thok nath cop r\u025by \u014b\u00e4ck\u00e4 k\u025bn\u025b ca\u0331a\u0331p tin dee kuak \u014ba\u0331a\u0331ri\u0331 la\u0331th l\u00e4t k\u025b j\u025b am\u00e4ni\u0331 r\u00f6m n\u025b\u025bni\u0331 di\u0331al k\u025b ca\u0331a\u0331p tin dee loc thuuk ti\u0331 go\u0331o\u0331l k\u025b j\u025b a bi\u0331 Nath di\u0331aal tin ruac k\u025b Thok Nu\u00e4\u00e4r\u00e4 r\u00f6di\u0331\u025bn li\u0331\u014b ce\u0331tk\u025b ji\u0331 wec mu\u0254\u0331\u0254\u0331n tin k\u0254ki\u0331\u025bn <\/span><\/p>\n<\/div>\n<\/div>\n<\/div>\n<div class=\"brz-wrapper-clone brz-css-hsobqs\">\n<div class=\"brz-d-xs-flex brz-flex-xs-wrap brz-css-piwpb brz-css-13ioeyf\" data-brz-custom-id=\"\">\n<div class=\"brz-wrapper-clone__item\" id=\"dldwpedbcqhyaclqjbtcyrynxmyhatrlhwjs\"><a class=\"brz-a brz-btn brz-css-1wwus3d brz-css-y9kzwx brz-css-m54ymk brz-css-6osfmq\" href=\"https:\/\/www.nldep.com\/ssd\/apps-and-tools\/\" target=\"_self\" rel=\"noopener\" data-brz-link-type=\"external\" data-brz-custom-id=\"dldwpedbcqhyaclqjbtcyrynxmyhatrlhwjs\"><span data-brz-translate-text=\"1\" class=\"brz-span brz-text__editor\">\u0194\u0254\u0331\u0254\u0331n j\u025b k\u025b du\u0254\u0331\u0254\u0331p mi\u0331 thi\u0331a\u0331a\u0331k<\/span><\/a><\/div>\n<\/div>\n<\/div>\n<\/div>\n<\/div>\n<\/div>\n<\/div>\n<\/div>\n<\/div>\n<\/div>\n<\/div>\n<\/section>\n<\/div>\n<p>    <!-- version:1737017673 --><\/p>","protected":false},"excerpt":{"rendered":"<p>Mobile Apps and Tools Mobile applications and Tools to support Learning Nuer learning applications, Games and Tools to support translation to other languages. Connecting Nuer speakers to others around the world. TEST IT FOR FREE<\/p>","protected":false},"author":1,"featured_media":0,"parent":0,"menu_order":0,"comment_status":"closed","ping_status":"closed","template":"","meta":{"_bbp_topic_count":0,"_bbp_reply_count":0,"_bbp_total_topic_count":0,"_bbp_total_reply_count":0,"_bbp_voice_count":0,"_bbp_anonymous_reply_count":0,"_bbp_topic_count_hidden":0,"_bbp_reply_count_hidden":0,"_bbp_forum_subforum_count":0,"_coblocks_attr":"","_coblocks_dimensions":"","_coblocks_responsive_height":"","_coblocks_accordion_ie_support":"","footnotes":""},"class_list":["post-80","page","type-page","status-publish","hentry"],"blocksy_meta":{"styles_descriptor":{"styles":{"desktop":"","tablet":"","mobile":""},"google_fonts":[],"version":6}},"yoast_head":"<!-- This site is optimized with the Yoast SEO plugin v27.4 - https:\/\/yoast.com\/product\/yoast-seo-wordpress\/ -->\n<title>Apps and Tools - Mobile Applications Services - NLDP<\/title>\n<meta name=\"description\" content=\"Explore mobile apps and tools to aid learning at NLDP. Connect with Nuer speakers worldwide. Dont wait, test it for free.\" \/>\n<meta name=\"robots\" content=\"index, follow, max-snippet:-1, max-image-preview:large, max-video-preview:-1\" \/>\n<link rel=\"canonical\" href=\"https:\/\/www.nldep.com\/ssd\/apps-and-tools\/\" \/>\n<meta property=\"og:locale\" content=\"en_US\" \/>\n<meta property=\"og:type\" content=\"article\" \/>\n<meta property=\"og:title\" content=\"Apps and Tools - Mobile Applications Services - NLDP\" \/>\n<meta property=\"og:description\" content=\"Explore mobile apps and tools to aid learning at NLDP. Connect with Nuer speakers worldwide. Dont wait, test it for free.\" \/>\n<meta property=\"og:url\" content=\"https:\/\/www.nldep.com\/ssd\/apps-and-tools\/\" \/>\n<meta property=\"og:site_name\" content=\"NLDP\" \/>\n<meta property=\"article:modified_time\" content=\"2026-04-10T09:49:23+00:00\" \/>\n<meta name=\"twitter:card\" content=\"summary_large_image\" \/>\n<script type=\"application\/ld+json\" class=\"yoast-schema-graph\">{\"@context\":\"https:\\\/\\\/schema.org\",\"@graph\":[{\"@type\":\"WebPage\",\"@id\":\"https:\\\/\\\/www.nldep.com\\\/apps-and-tools\\\/\",\"url\":\"https:\\\/\\\/www.nldep.com\\\/apps-and-tools\\\/\",\"name\":\"Apps and Tools - Mobile Applications Services - NLDP\",\"isPartOf\":{\"@id\":\"https:\\\/\\\/www.nldep.com\\\/#website\"},\"datePublished\":\"2021-03-01T20:36:03+00:00\",\"dateModified\":\"2026-04-10T09:49:23+00:00\",\"description\":\"Explore mobile apps and tools to aid learning at NLDP. Connect with Nuer speakers worldwide. Dont wait, test it for free.\",\"breadcrumb\":{\"@id\":\"https:\\\/\\\/www.nldep.com\\\/apps-and-tools\\\/#breadcrumb\"},\"inLanguage\":\"SSD\",\"potentialAction\":[{\"@type\":\"ReadAction\",\"target\":[\"https:\\\/\\\/www.nldep.com\\\/apps-and-tools\\\/\"]}]},{\"@type\":\"BreadcrumbList\",\"@id\":\"https:\\\/\\\/www.nldep.com\\\/apps-and-tools\\\/#breadcrumb\",\"itemListElement\":[{\"@type\":\"ListItem\",\"position\":1,\"name\":\"Home\",\"item\":\"https:\\\/\\\/www.nldep.com\\\/\"},{\"@type\":\"ListItem\",\"position\":2,\"name\":\"Apps and Tools\"}]},{\"@type\":\"WebSite\",\"@id\":\"https:\\\/\\\/www.nldep.com\\\/#website\",\"url\":\"https:\\\/\\\/www.nldep.com\\\/\",\"name\":\"NLDP\",\"description\":\"Nuer Language Digitization Project\",\"publisher\":{\"@id\":\"https:\\\/\\\/www.nldep.com\\\/#organization\"},\"potentialAction\":[{\"@type\":\"SearchAction\",\"target\":{\"@type\":\"EntryPoint\",\"urlTemplate\":\"https:\\\/\\\/www.nldep.com\\\/?s={search_term_string}\"},\"query-input\":{\"@type\":\"PropertyValueSpecification\",\"valueRequired\":true,\"valueName\":\"search_term_string\"}}],\"inLanguage\":\"SSD\"},{\"@type\":\"Organization\",\"@id\":\"https:\\\/\\\/www.nldep.com\\\/#organization\",\"name\":\"Nuer Language Digitization Project\",\"url\":\"https:\\\/\\\/www.nldep.com\\\/\",\"logo\":{\"@type\":\"ImageObject\",\"inLanguage\":\"SSD\",\"@id\":\"https:\\\/\\\/www.nldep.com\\\/#\\\/schema\\\/logo\\\/image\\\/\",\"url\":\"https:\\\/\\\/www.nldep.com\\\/wp-content\\\/uploads\\\/2021\\\/03\\\/Asset-2-1.png\",\"contentUrl\":\"https:\\\/\\\/www.nldep.com\\\/wp-content\\\/uploads\\\/2021\\\/03\\\/Asset-2-1.png\",\"width\":568,\"height\":135,\"caption\":\"Nuer Language Digitization Project\"},\"image\":{\"@id\":\"https:\\\/\\\/www.nldep.com\\\/#\\\/schema\\\/logo\\\/image\\\/\"}}]}<\/script>\n<!-- \/ Yoast SEO plugin. -->","yoast_head_json":{"title":"Apps and Tools - Mobile Applications Services - NLDP","description":"Explore mobile apps and tools to aid learning at NLDP. Connect with Nuer speakers worldwide. Dont wait, test it for free.","robots":{"index":"index","follow":"follow","max-snippet":"max-snippet:-1","max-image-preview":"max-image-preview:large","max-video-preview":"max-video-preview:-1"},"canonical":"https:\/\/www.nldep.com\/ssd\/apps-and-tools\/","og_locale":"en_US","og_type":"article","og_title":"Apps and Tools - Mobile Applications Services - NLDP","og_description":"Explore mobile apps and tools to aid learning at NLDP. Connect with Nuer speakers worldwide. Dont wait, test it for free.","og_url":"https:\/\/www.nldep.com\/ssd\/apps-and-tools\/","og_site_name":"NLDP","article_modified_time":"2026-04-10T09:49:23+00:00","twitter_card":"summary_large_image","schema":{"@context":"https:\/\/schema.org","@graph":[{"@type":"WebPage","@id":"https:\/\/www.nldep.com\/apps-and-tools\/","url":"https:\/\/www.nldep.com\/apps-and-tools\/","name":"Apps and Tools - Mobile Applications Services - NLDP","isPartOf":{"@id":"https:\/\/www.nldep.com\/#website"},"datePublished":"2021-03-01T20:36:03+00:00","dateModified":"2026-04-10T09:49:23+00:00","description":"Explore mobile apps and tools to aid learning at NLDP. Connect with Nuer speakers worldwide. Dont wait, test it for free.","breadcrumb":{"@id":"https:\/\/www.nldep.com\/apps-and-tools\/#breadcrumb"},"inLanguage":"SSD","potentialAction":[{"@type":"ReadAction","target":["https:\/\/www.nldep.com\/apps-and-tools\/"]}]},{"@type":"BreadcrumbList","@id":"https:\/\/www.nldep.com\/apps-and-tools\/#breadcrumb","itemListElement":[{"@type":"ListItem","position":1,"name":"Home","item":"https:\/\/www.nldep.com\/"},{"@type":"ListItem","position":2,"name":"Apps and Tools"}]},{"@type":"WebSite","@id":"https:\/\/www.nldep.com\/#website","url":"https:\/\/www.nldep.com\/","name":"NLDP","description":"Nuer Language Digitization Project","publisher":{"@id":"https:\/\/www.nldep.com\/#organization"},"potentialAction":[{"@type":"SearchAction","target":{"@type":"EntryPoint","urlTemplate":"https:\/\/www.nldep.com\/?s={search_term_string}"},"query-input":{"@type":"PropertyValueSpecification","valueRequired":true,"valueName":"search_term_string"}}],"inLanguage":"SSD"},{"@type":"Organization","@id":"https:\/\/www.nldep.com\/#organization","name":"Nuer Language Digitization Project","url":"https:\/\/www.nldep.com\/","logo":{"@type":"ImageObject","inLanguage":"SSD","@id":"https:\/\/www.nldep.com\/#\/schema\/logo\/image\/","url":"https:\/\/www.nldep.com\/wp-content\/uploads\/2021\/03\/Asset-2-1.png","contentUrl":"https:\/\/www.nldep.com\/wp-content\/uploads\/2021\/03\/Asset-2-1.png","width":568,"height":135,"caption":"Nuer Language Digitization Project"},"image":{"@id":"https:\/\/www.nldep.com\/#\/schema\/logo\/image\/"}}]}},"brizy_media":[],"_links":{"self":[{"href":"https:\/\/www.nldep.com\/ssd\/wp-json\/wp\/v2\/pages\/80","targetHints":{"allow":["GET"]}}],"collection":[{"href":"https:\/\/www.nldep.com\/ssd\/wp-json\/wp\/v2\/pages"}],"about":[{"href":"https:\/\/www.nldep.com\/ssd\/wp-json\/wp\/v2\/types\/page"}],"author":[{"embeddable":true,"href":"https:\/\/www.nldep.com\/ssd\/wp-json\/wp\/v2\/users\/1"}],"replies":[{"embeddable":true,"href":"https:\/\/www.nldep.com\/ssd\/wp-json\/wp\/v2\/comments?post=80"}],"version-history":[{"count":4,"href":"https:\/\/www.nldep.com\/ssd\/wp-json\/wp\/v2\/pages\/80\/revisions"}],"predecessor-version":[{"id":292,"href":"https:\/\/www.nldep.com\/ssd\/wp-json\/wp\/v2\/pages\/80\/revisions\/292"}],"wp:attachment":[{"href":"https:\/\/www.nldep.com\/ssd\/wp-json\/wp\/v2\/media?parent=80"}],"curies":[{"name":"wp","href":"https:\/\/api.w.org\/{rel}","templated":true}]}}